{"id":1565,"date":"2024-01-29T19:29:06","date_gmt":"2024-01-30T00:29:06","guid":{"rendered":"https:\/\/lyttoncommunications.com\/?page_id=1565"},"modified":"2024-06-12T16:50:16","modified_gmt":"2024-06-12T20:50:16","slug":"avis-de-confidentialite","status":"publish","type":"page","link":"https:\/\/lyttoncommunications.com\/fr\/avis-de-confidentialite\/","title":{"rendered":"Avis de confidentialit\u00e9"},"content":{"rendered":"<style>.kb-row-layout-id1565_dc1948-00 > .kt-row-column-wrap{align-content:start;}:where(.kb-row-layout-id1565_dc1948-00 > .kt-row-column-wrap) > .wp-block-kadence-column{justify-content:start;}.kb-row-layout-id1565_dc1948-00 > .kt-row-column-wrap{column-gap:var(--global-kb-gap-md, 2rem);row-gap:var(--global-kb-gap-sm, 1rem);max-width:1200px;margin-left:auto;margin-right:auto;padding-top:200px;padding-bottom:0px;grid-template-columns:minmax(0, 1fr);}.kb-row-layout-id1565_dc1948-00{background-color:rgba(211,233,232,0.3);}.kb-row-layout-id1565_dc1948-00 > .kt-row-layout-overlay{opacity:0.30;}@media all and (max-width: 1024px){.kb-row-layout-id1565_dc1948-00 > .kt-row-column-wrap{padding-top:200px;grid-template-columns:minmax(0, 1fr);}}@media all and (max-width: 767px){.kb-row-layout-id1565_dc1948-00 > .kt-row-column-wrap{padding-top:150px;grid-template-columns:minmax(0, 1fr);}}<\/style><div class=\"kb-row-layout-wrap kb-row-layout-id1565_dc1948-00 alignfull kt-row-has-bg wp-block-kadence-rowlayout\"><div class=\"kt-row-column-wrap kt-has-1-columns kt-row-layout-equal kt-tab-layout-inherit kt-mobile-layout-row kt-row-valign-top\">\n<style>.kadence-column1565_e679a4-54 > .kt-inside-inner-col,.kadence-column1565_e679a4-54 > .kt-inside-inner-col:before{border-top-left-radius:0px;border-top-right-radius:0px;border-bottom-right-radius:0px;border-bottom-left-radius:0px;}.kadence-column1565_e679a4-54 > .kt-inside-inner-col{column-gap:var(--global-kb-gap-sm, 1rem);}.kadence-column1565_e679a4-54 > .kt-inside-inner-col{flex-direction:column;}.kadence-column1565_e679a4-54 > .kt-inside-inner-col > .aligncenter{width:100%;}.kadence-column1565_e679a4-54 > .kt-inside-inner-col:before{opacity:0.3;}.kadence-column1565_e679a4-54{position:relative;}@media all and (max-width: 1024px){.kadence-column1565_e679a4-54 > .kt-inside-inner-col{flex-direction:column;}}@media all and (max-width: 767px){.kadence-column1565_e679a4-54 > .kt-inside-inner-col{flex-direction:column;}}.kadence-column1565_e679a4-54 {}<\/style>\n<div class=\"wp-block-kadence-column kadence-column1565_e679a4-54\"><div class=\"kt-inside-inner-col\">\n<h2 class=\"wp-block-heading animated fadeIn slower has-small-font-size\" style=\"letter-spacing:3.2px;text-transform:uppercase\">derni\u00e8re mise \u00e0 jour : avril 2024<\/h2>\n\n\n\n<h1 class=\"wp-block-heading xxl-heading animated fadeInUp o-anim-offset-o-anim-offset-0px has-strong-blue-color has-text-color has-link-color wp-elements-3907ec434fd2cdaa8eaebdfcf1653d32\" style=\"font-size:70px;font-style:normal;font-weight:400;letter-spacing:-4.2px\">Avis de confidentialit\u00e9<\/h1>\n<\/div><\/div>\n\n<\/div><\/div>\n\n<style>.kb-row-layout-id1565_76d33a-a7 > .kt-row-column-wrap{align-content:start;}:where(.kb-row-layout-id1565_76d33a-a7 > .kt-row-column-wrap) > .wp-block-kadence-column{justify-content:start;}.kb-row-layout-id1565_76d33a-a7 > .kt-row-column-wrap{column-gap:var(--global-kb-gap-md, 2rem);row-gap:var(--global-kb-gap-md, 2rem);max-width:1200px;margin-left:auto;margin-right:auto;padding-top:var(--global-kb-spacing-sm, 1.5rem);padding-bottom:var(--global-kb-spacing-xl, 4rem);grid-template-columns:minmax(0, 1fr);}.kb-row-layout-id1565_76d33a-a7{background-color:rgba(211,233,232,0.3);}.kb-row-layout-id1565_76d33a-a7 > .kt-row-layout-overlay{opacity:0.30;}@media all and (max-width: 1024px){.kb-row-layout-id1565_76d33a-a7 > .kt-row-column-wrap{grid-template-columns:minmax(0, 1fr);}}@media all and (max-width: 767px){.kb-row-layout-id1565_76d33a-a7 > .kt-row-column-wrap{grid-template-columns:minmax(0, 1fr);}}<\/style><div class=\"kb-row-layout-wrap kb-row-layout-id1565_76d33a-a7 alignfull kt-row-has-bg wp-block-kadence-rowlayout\"><div class=\"kt-row-column-wrap kt-has-1-columns kt-row-layout-equal kt-tab-layout-inherit kt-mobile-layout-row kt-row-valign-top\">\n<style>.kadence-column1565_87204a-96 > .kt-inside-inner-col,.kadence-column1565_87204a-96 > .kt-inside-inner-col:before{border-top-left-radius:0px;border-top-right-radius:0px;border-bottom-right-radius:0px;border-bottom-left-radius:0px;}.kadence-column1565_87204a-96 > .kt-inside-inner-col{column-gap:var(--global-kb-gap-sm, 1rem);}.kadence-column1565_87204a-96 > .kt-inside-inner-col{flex-direction:column;}.kadence-column1565_87204a-96 > .kt-inside-inner-col > .aligncenter{width:100%;}.kadence-column1565_87204a-96 > .kt-inside-inner-col:before{opacity:0.3;}.kadence-column1565_87204a-96{position:relative;}@media all and (max-width: 1024px){.kadence-column1565_87204a-96 > .kt-inside-inner-col{flex-direction:column;}}@media all and (max-width: 767px){.kadence-column1565_87204a-96 > .kt-inside-inner-col{flex-direction:column;}}<\/style>\n<div class=\"wp-block-kadence-column kadence-column1565_87204a-96 animated fadeInUp\"><div class=\"kt-inside-inner-col\">\n<p>Bienvenue chez Lytton\u00a0Communications! Nous accordons une grande importance \u00e0 la transparence. C\u2019est pourquoi nous utilisons vos renseignements personnels strictement pour vous offrir nos services et g\u00e9rer notre relation d\u2019affaires avec vous. Le pr\u00e9sent avis explique notre engagement \u00e0 garantir une utilisation s\u00fbre et responsable de vos donn\u00e9es lors de nos \u00e9changes.<\/p>\n\n\n\n<p><strong>Qu\u2019entend-on par \u00ab\u00a0renseignements personnels\u00a0\u00bb?<\/strong><\/p>\n\n\n\n<ul class=\"wp-block-list\">\n<li>Il s\u2019agit de renseignements qui permettent de vous identifier. Cela n\u2019inclut toutefois pas vos coordonn\u00e9es professionnelles (comme votre nom, num\u00e9ro de t\u00e9l\u00e9phone, adresse ou courriel professionnels) qui permettent de vous contacter \u00e0 votre lieu de travail.<\/li>\n<\/ul>\n\n\n\n<p><strong>De quelle fa\u00e7on obtenons-nous des renseignements personnels?<\/strong><\/p>\n\n\n\n<ul class=\"wp-block-list\">\n<li>Lorsque vous nous les fournissez directement, par exemple en remplissant un formulaire sur notre site Web.<\/li>\n\n\n\n<li>De mani\u00e8re automatis\u00e9e, comme par le biais de t\u00e9moins de connexion (<em>cookie<\/em>s) lorsque vous visitez notre site Web.<\/li>\n<\/ul>\n\n\n\n<p><strong>Comment utilisons-nous les renseignements personnels en notre possession?<\/strong><\/p>\n\n\n\n<ul class=\"wp-block-list\">\n<li>Pour r\u00e9pondre aux demandes d\u2019information des personnes qui remplissent un formulaire sur notre site Web ou qui nous contactent directement.<\/li>\n\n\n\n<li>Pour assurer le fonctionnement, la gestion et l\u2019am\u00e9lioration de notre site Web, ainsi que la s\u00e9curit\u00e9 du site. Consultez la section ci-dessous \u00ab&nbsp;T\u00e9moins de connexion et analyse&nbsp;\u00bb pour en savoir plus sur la fa\u00e7on dont notre site traite les renseignements personnels.<\/li>\n\n\n\n<li>Pour r\u00e9pondre \u00e0 nos obligations l\u00e9gales.<\/li>\n<\/ul>\n\n\n\n<p><strong>T\u00e9moins de connexion et analyse<\/strong><\/p>\n\n\n\n<p>Tout comme pour la plupart des sites Web, nous recueillons votre adresse IP (protocole Internet) et d\u2019autres informations connexes, notamment&nbsp;: votre pays d\u2019origine, votre langue, votre fournisseur de services, votre syst\u00e8me d\u2019exploitation, votre type d\u2019appareil, votre navigateur, des informations anonymes sur l\u2019utilisateur ainsi que des donn\u00e9es sur les pages et les sessions. Ces donn\u00e9es peuvent comprendre la date et l\u2019heure de votre visite, les pages que vous visitez sur notre site, le temps que vous passez sur chaque page, la mani\u00e8re dont vous avez acc\u00e9d\u00e9 au site, les \u00e9l\u00e9ments sur lesquels vous cliquez lorsque vous parcourez le site, ou la fr\u00e9quence \u00e0 laquelle vous visitez une ou plusieurs pages donn\u00e9es.<\/p>\n\n\n\n<p>Nous recueillons ces informations de fa\u00e7on automatis\u00e9e, notamment \u00e0 l\u2019aide de t\u00e9moins de connexion (<em>cookies<\/em>), de petits fichiers t\u00e9l\u00e9charg\u00e9s sur l\u2019appareil utilis\u00e9 pour visiter notre site.<\/p>\n\n\n\n<p>Notre site Web utilise uniquement les t\u00e9moins indispensables \u00e0 son fonctionnement de base. Nous utilisons \u00e9galement des t\u00e9moins de performance tels que Google&nbsp;Analytics. L\u2019information recueillie sert \u00e0 am\u00e9liorer notre site et \u00e0 nous assurer qu\u2019il r\u00e9pond aux besoins de nos visiteurs. Pour en savoir plus sur les t\u00e9moins de Google&nbsp;Analytics, cliquez <a href=\"https:\/\/developers.google.com\/analytics\/devguides\/collection\/analyticsjs\/cookie-usage?hl=fr\">ici<\/a>. Vous pouvez \u00e9galement <a href=\"https:\/\/developers.google.com\/analytics\/devguides\/collection\/analyticsjs\/user-opt-out?hl=fr\">choisir de ne pas \u00eatre suivi<\/a> par Google&nbsp;Analytics.<\/p>\n\n\n\n<p>Nous utilisons des outils pour surveiller le trafic du r\u00e9seau et ainsi veiller \u00e0 la s\u00e9curit\u00e9 de notre site. Nous n\u2019essayons pas d\u2019identifier les personnes qui visitent notre site, \u00e0 moins qu\u2019une tentative d\u2019endommager le site ne soit d\u00e9tect\u00e9e.<\/p>\n\n\n\n<p><strong>Partage des renseignements personnels<\/strong><\/p>\n\n\n\n<p>Vos renseignements ne sont utilis\u00e9s que par Lytton&nbsp;Communications. Nous ne vendons ni ne partageons aucun renseignement personnel. Nous travaillons cependant avec des tiers pour des t\u00e2ches comme la tenue de la comptabilit\u00e9 et la maintenance du site Web. Il se peut que nous devions partager certains renseignements avec ces tiers, uniquement pour leur permettre d\u2019accomplir leur travail. Vos renseignements personnels pourraient \u00eatre \u00e9chang\u00e9s \u00e0 l\u2019ext\u00e9rieur du Canada et \u00eatre accessibles aux autorit\u00e9s charg\u00e9es d\u2019appliquer la loi dans les administrations o\u00f9 ces tiers se trouvent.<\/p>\n\n\n\n<p><strong>Protection de vos renseignements personnels<\/strong><\/p>\n\n\n\n<p>Nous avons mis en place des mesures de protection raisonnables sur les plans administratif, technique et physique pour prot\u00e9ger les renseignements recueillis contre l\u2019alt\u00e9ration, la perte accidentelle ou ill\u00e9gale, ou encore l\u2019utilisation, la divulgation ou l\u2019acc\u00e8s non&nbsp;autoris\u00e9.<\/p>\n\n\n\n<p><strong>Que faire si vos renseignements personnels changent ou que vous voulez savoir quelles donn\u00e9es nous poss\u00e9dons \u00e0 votre sujet&nbsp;:<\/strong><\/p>\n\n\n\n<p>Nous veillons \u00e0 ce que les renseignements personnels que nous d\u00e9tenons demeurent exacts. Si toutefois vous avez des doutes \u00e0 ce sujet, vous pouvez nous envoyer une demande \u00e9crite et d\u00e9taill\u00e9e de correction de vos renseignements personnels \u00e0 l\u2019adresse suivante&nbsp;: <a href=\"mailto:info@lyttoncommunications.com\">info@lyttoncommunications.com<\/a>. Vous pouvez \u00e9galement demander l\u2019acc\u00e8s \u00e0 vos renseignements en nous contactant \u00e0 la m\u00eame adresse \u00e9lectronique. Nous pourrions devoir vous identifier pour nous assurer que nous divulguons l\u2019information \u00e0 la bonne personne.<\/p>\n\n\n\n<p><strong>Que faire si vous avez un probl\u00e8me ou une question concernant vos renseignements personnels?<\/strong><\/p>\n\n\n\n<p>Si vous avez des questions concernant le pr\u00e9sent avis de confidentialit\u00e9, veuillez nous contacter \u00e0 l\u2019adresse <a href=\"mailto:info@lyttoncommunications.com\">info@lyttoncommunications.com<\/a>. Plus vous d\u00e9taillerez ce que vous cherchez exactement, plus il nous sera facile de vous le transmettre.<\/p>\n\n\n\n<p>Si nous ne parvenons pas \u00e0 r\u00e9soudre votre probl\u00e8me, vous pouvez \u00e9crire au Commissariat \u00e0 la protection de la vie priv\u00e9e du Canada pour obtenir d\u2019autres conseils&nbsp;:<\/p>\n\n\n\n<ul class=\"wp-block-list\">\n<li>Site Web&nbsp;: <a href=\"https:\/\/www.priv.gc.ca\/fr\/\">priv.gc.ca\/fr<\/a><\/li>\n\n\n\n<li>T\u00e9l\u00e9phone&nbsp;: 1-800-282-1376 ou 819-994-5444<\/li>\n\n\n\n<li>T\u00e9l\u00e9copieur&nbsp;: 819-994-5424<\/li>\n\n\n\n<li>ATS&nbsp;: 819-994-6591<\/li>\n<\/ul>\n\n\n\n<p><strong>Qu\u2019adviendra-t-il si le pr\u00e9sent avis est modifi\u00e9?<\/strong><\/p>\n\n\n\n<p>Le pr\u00e9sent avis peut \u00eatre mis \u00e0 jour \u00e0 l\u2019occasion pour refl\u00e9ter les modifications apport\u00e9es \u00e0 nos pratiques de protection des renseignements personnels ou aux lois applicables. Le cas \u00e9ch\u00e9ant, l\u2019avis modifi\u00e9 sera publi\u00e9 sur le pr\u00e9sent site.<\/p>\n<\/div><\/div>\n\n<\/div><\/div>","protected":false},"excerpt":{"rendered":"<p>derni\u00e8re mise \u00e0 jour : avril 2024 Avis de confidentialit\u00e9 Bienvenue chez Lytton\u00a0Communications! Nous accordons une grande importance \u00e0 la transparence. C\u2019est pourquoi nous utilisons vos renseignements personnels strictement pour vous offrir nos services et g\u00e9rer notre relation d\u2019affaires avec vous. Le pr\u00e9sent avis explique notre engagement \u00e0 garantir une utilisation s\u00fbre et responsable de [&hellip;]<\/p>\n","protected":false},"author":1,"featured_media":0,"parent":0,"menu_order":0,"comment_status":"closed","ping_status":"open","template":"","meta":{"_acf_changed":false,"inline_featured_image":false,"footnotes":""},"class_list":["post-1565","page","type-page","status-publish","hentry"],"acf":[],"yoast_head":"<!-- This site is optimized with the Yoast SEO plugin v23.0 - https:\/\/yoast.com\/wordpress\/plugins\/seo\/ -->\n<title>Avis de confidentialit\u00e9 - Lytton Communications<\/title>\n<meta name=\"robots\" content=\"index, follow, max-snippet:-1, max-image-preview:large, max-video-preview:-1\" \/>\n<link rel=\"canonical\" href=\"https:\/\/lyttoncommunications.com\/fr\/avis-de-confidentialite\/\" \/>\n<meta property=\"og:locale\" content=\"fr_FR\" \/>\n<meta property=\"og:type\" content=\"article\" \/>\n<meta property=\"og:title\" content=\"Avis de confidentialit\u00e9 - Lytton Communications\" \/>\n<meta property=\"og:description\" content=\"derni\u00e8re mise \u00e0 jour : avril 2024 Avis de confidentialit\u00e9 Bienvenue chez Lytton\u00a0Communications! Nous accordons une grande importance \u00e0 la transparence. C\u2019est pourquoi nous utilisons vos renseignements personnels strictement pour vous offrir nos services et g\u00e9rer notre relation d\u2019affaires avec vous. Le pr\u00e9sent avis explique notre engagement \u00e0 garantir une utilisation s\u00fbre et responsable de [&hellip;]\" \/>\n<meta property=\"og:url\" content=\"https:\/\/lyttoncommunications.com\/fr\/avis-de-confidentialite\/\" \/>\n<meta property=\"og:site_name\" content=\"Lytton Communications\" \/>\n<meta property=\"article:modified_time\" content=\"2024-06-12T20:50:16+00:00\" \/>\n<meta name=\"twitter:card\" content=\"summary_large_image\" \/>\n<meta name=\"twitter:label1\" content=\"Est. reading time\" \/>\n\t<meta name=\"twitter:data1\" content=\"4 minutes\" \/>\n<script type=\"application\/ld+json\" class=\"yoast-schema-graph\">{\"@context\":\"https:\/\/schema.org\",\"@graph\":[{\"@type\":\"WebPage\",\"@id\":\"https:\/\/lyttoncommunications.com\/fr\/avis-de-confidentialite\/\",\"url\":\"https:\/\/lyttoncommunications.com\/fr\/avis-de-confidentialite\/\",\"name\":\"Avis de confidentialit\u00e9 - Lytton Communications\",\"isPartOf\":{\"@id\":\"https:\/\/lyttoncommunications.com\/fr\/#website\"},\"datePublished\":\"2024-01-30T00:29:06+00:00\",\"dateModified\":\"2024-06-12T20:50:16+00:00\",\"breadcrumb\":{\"@id\":\"https:\/\/lyttoncommunications.com\/fr\/avis-de-confidentialite\/#breadcrumb\"},\"inLanguage\":\"fr-FR\",\"potentialAction\":[{\"@type\":\"ReadAction\",\"target\":[\"https:\/\/lyttoncommunications.com\/fr\/avis-de-confidentialite\/\"]}]},{\"@type\":\"BreadcrumbList\",\"@id\":\"https:\/\/lyttoncommunications.com\/fr\/avis-de-confidentialite\/#breadcrumb\",\"itemListElement\":[{\"@type\":\"ListItem\",\"position\":1,\"name\":\"Home\",\"item\":\"https:\/\/lyttoncommunications.com\/fr\/\"},{\"@type\":\"ListItem\",\"position\":2,\"name\":\"Avis de confidentialit\u00e9\"}]},{\"@type\":\"WebSite\",\"@id\":\"https:\/\/lyttoncommunications.com\/fr\/#website\",\"url\":\"https:\/\/lyttoncommunications.com\/fr\/\",\"name\":\"Lytton Communications\",\"description\":\"Strategic Communications &amp; Marketing Agency Toronto\",\"publisher\":{\"@id\":\"https:\/\/lyttoncommunications.com\/fr\/#organization\"},\"potentialAction\":[{\"@type\":\"SearchAction\",\"target\":{\"@type\":\"EntryPoint\",\"urlTemplate\":\"https:\/\/lyttoncommunications.com\/fr\/?s={search_term_string}\"},\"query-input\":\"required name=search_term_string\"}],\"inLanguage\":\"fr-FR\"},{\"@type\":\"Organization\",\"@id\":\"https:\/\/lyttoncommunications.com\/fr\/#organization\",\"name\":\"Lytton Communications\",\"url\":\"https:\/\/lyttoncommunications.com\/fr\/\",\"logo\":{\"@type\":\"ImageObject\",\"inLanguage\":\"fr-FR\",\"@id\":\"https:\/\/lyttoncommunications.com\/fr\/#\/schema\/logo\/image\/\",\"url\":\"https:\/\/lyttoncommunications.com\/wp-content\/uploads\/2024\/02\/logo_Lytton.svg\",\"contentUrl\":\"https:\/\/lyttoncommunications.com\/wp-content\/uploads\/2024\/02\/logo_Lytton.svg\",\"width\":193,\"height\":52,\"caption\":\"Lytton Communications\"},\"image\":{\"@id\":\"https:\/\/lyttoncommunications.com\/fr\/#\/schema\/logo\/image\/\"}}]}<\/script>\n<!-- \/ Yoast SEO plugin. -->","yoast_head_json":{"title":"Avis de confidentialit\u00e9 - Lytton Communications","robots":{"index":"index","follow":"follow","max-snippet":"max-snippet:-1","max-image-preview":"max-image-preview:large","max-video-preview":"max-video-preview:-1"},"canonical":"https:\/\/lyttoncommunications.com\/fr\/avis-de-confidentialite\/","og_locale":"fr_FR","og_type":"article","og_title":"Avis de confidentialit\u00e9 - Lytton Communications","og_description":"derni\u00e8re mise \u00e0 jour : avril 2024 Avis de confidentialit\u00e9 Bienvenue chez Lytton\u00a0Communications! Nous accordons une grande importance \u00e0 la transparence. C\u2019est pourquoi nous utilisons vos renseignements personnels strictement pour vous offrir nos services et g\u00e9rer notre relation d\u2019affaires avec vous. Le pr\u00e9sent avis explique notre engagement \u00e0 garantir une utilisation s\u00fbre et responsable de [&hellip;]","og_url":"https:\/\/lyttoncommunications.com\/fr\/avis-de-confidentialite\/","og_site_name":"Lytton Communications","article_modified_time":"2024-06-12T20:50:16+00:00","twitter_card":"summary_large_image","twitter_misc":{"Est. reading time":"4 minutes"},"schema":{"@context":"https:\/\/schema.org","@graph":[{"@type":"WebPage","@id":"https:\/\/lyttoncommunications.com\/fr\/avis-de-confidentialite\/","url":"https:\/\/lyttoncommunications.com\/fr\/avis-de-confidentialite\/","name":"Avis de confidentialit\u00e9 - Lytton Communications","isPartOf":{"@id":"https:\/\/lyttoncommunications.com\/fr\/#website"},"datePublished":"2024-01-30T00:29:06+00:00","dateModified":"2024-06-12T20:50:16+00:00","breadcrumb":{"@id":"https:\/\/lyttoncommunications.com\/fr\/avis-de-confidentialite\/#breadcrumb"},"inLanguage":"fr-FR","potentialAction":[{"@type":"ReadAction","target":["https:\/\/lyttoncommunications.com\/fr\/avis-de-confidentialite\/"]}]},{"@type":"BreadcrumbList","@id":"https:\/\/lyttoncommunications.com\/fr\/avis-de-confidentialite\/#breadcrumb","itemListElement":[{"@type":"ListItem","position":1,"name":"Home","item":"https:\/\/lyttoncommunications.com\/fr\/"},{"@type":"ListItem","position":2,"name":"Avis de confidentialit\u00e9"}]},{"@type":"WebSite","@id":"https:\/\/lyttoncommunications.com\/fr\/#website","url":"https:\/\/lyttoncommunications.com\/fr\/","name":"Lytton Communications","description":"Strategic Communications &amp; Marketing Agency Toronto","publisher":{"@id":"https:\/\/lyttoncommunications.com\/fr\/#organization"},"potentialAction":[{"@type":"SearchAction","target":{"@type":"EntryPoint","urlTemplate":"https:\/\/lyttoncommunications.com\/fr\/?s={search_term_string}"},"query-input":"required name=search_term_string"}],"inLanguage":"fr-FR"},{"@type":"Organization","@id":"https:\/\/lyttoncommunications.com\/fr\/#organization","name":"Lytton Communications","url":"https:\/\/lyttoncommunications.com\/fr\/","logo":{"@type":"ImageObject","inLanguage":"fr-FR","@id":"https:\/\/lyttoncommunications.com\/fr\/#\/schema\/logo\/image\/","url":"https:\/\/lyttoncommunications.com\/wp-content\/uploads\/2024\/02\/logo_Lytton.svg","contentUrl":"https:\/\/lyttoncommunications.com\/wp-content\/uploads\/2024\/02\/logo_Lytton.svg","width":193,"height":52,"caption":"Lytton Communications"},"image":{"@id":"https:\/\/lyttoncommunications.com\/fr\/#\/schema\/logo\/image\/"}}]}},"_links":{"self":[{"href":"https:\/\/lyttoncommunications.com\/fr\/wp-json\/wp\/v2\/pages\/1565","targetHints":{"allow":["GET"]}}],"collection":[{"href":"https:\/\/lyttoncommunications.com\/fr\/wp-json\/wp\/v2\/pages"}],"about":[{"href":"https:\/\/lyttoncommunications.com\/fr\/wp-json\/wp\/v2\/types\/page"}],"author":[{"embeddable":true,"href":"https:\/\/lyttoncommunications.com\/fr\/wp-json\/wp\/v2\/users\/1"}],"replies":[{"embeddable":true,"href":"https:\/\/lyttoncommunications.com\/fr\/wp-json\/wp\/v2\/comments?post=1565"}],"version-history":[{"count":0,"href":"https:\/\/lyttoncommunications.com\/fr\/wp-json\/wp\/v2\/pages\/1565\/revisions"}],"wp:attachment":[{"href":"https:\/\/lyttoncommunications.com\/fr\/wp-json\/wp\/v2\/media?parent=1565"}],"curies":[{"name":"wp","href":"https:\/\/api.w.org\/{rel}","templated":true}]}}