{"id":1489,"date":"2024-02-06T11:29:23","date_gmt":"2024-02-06T11:29:23","guid":{"rendered":"https:\/\/lyttoncommunications.com\/?page_id=1489"},"modified":"2024-03-19T08:11:24","modified_gmt":"2024-03-19T08:11:24","slug":"strategy-messaging","status":"publish","type":"page","link":"https:\/\/lyttoncommunications.com\/fr\/work\/strategy-messaging\/","title":{"rendered":"Strategy &amp; Messaging"},"content":{"rendered":"<style>.kb-row-layout-id1489_0ac17a-c7 > .kt-row-column-wrap{align-content:start;}:where(.kb-row-layout-id1489_0ac17a-c7 > .kt-row-column-wrap) > .wp-block-kadence-column{justify-content:start;}.kb-row-layout-id1489_0ac17a-c7 > .kt-row-column-wrap{column-gap:var(--global-kb-gap-md, 2rem);row-gap:var(--global-kb-gap-sm, 1rem);max-width:1460px;margin-left:auto;margin-right:auto;padding-top:260px;padding-bottom:0px;grid-template-columns:minmax(0, 1fr);}.kb-row-layout-id1489_0ac17a-c7{background-color:rgba(211,233,232,0.3);}.kb-row-layout-id1489_0ac17a-c7 > .kt-row-layout-overlay{opacity:0.30;}@media all and (max-width: 1024px){.kb-row-layout-id1489_0ac17a-c7 > .kt-row-column-wrap{padding-top:200px;grid-template-columns:minmax(0, 1fr);}}@media all and (max-width: 767px){.kb-row-layout-id1489_0ac17a-c7 > .kt-row-column-wrap{padding-top:150px;grid-template-columns:minmax(0, 1fr);}}<\/style><div class=\"kb-row-layout-wrap kb-row-layout-id1489_0ac17a-c7 alignfull kt-row-has-bg wp-block-kadence-rowlayout\"><div class=\"kt-row-column-wrap kt-has-1-columns kt-row-layout-equal kt-tab-layout-inherit kt-mobile-layout-row kt-row-valign-top\">\n<style>.kadence-column1489_b078df-9d > .kt-inside-inner-col,.kadence-column1489_b078df-9d > .kt-inside-inner-col:before{border-top-left-radius:0px;border-top-right-radius:0px;border-bottom-right-radius:0px;border-bottom-left-radius:0px;}.kadence-column1489_b078df-9d > .kt-inside-inner-col{column-gap:var(--global-kb-gap-sm, 1rem);}.kadence-column1489_b078df-9d > .kt-inside-inner-col{flex-direction:column;}.kadence-column1489_b078df-9d > .kt-inside-inner-col > .aligncenter{width:100%;}.kadence-column1489_b078df-9d > .kt-inside-inner-col:before{opacity:0.3;}.kadence-column1489_b078df-9d{position:relative;}@media all and (max-width: 1024px){.kadence-column1489_b078df-9d > .kt-inside-inner-col{flex-direction:column;}}@media all and (max-width: 767px){.kadence-column1489_b078df-9d > .kt-inside-inner-col{flex-direction:column;}}.kadence-column1489_b078df-9d {}<\/style>\n<div class=\"wp-block-kadence-column kadence-column1489_b078df-9d\"><div class=\"kt-inside-inner-col\">\n<h2 class=\"wp-block-heading animated fadeIn slower has-small-font-size\" style=\"letter-spacing:3.2px;text-transform:uppercase\">R\u00c9ALISATIONS<\/h2>\n\n\n\n<h1 class=\"wp-block-heading xxl-heading animated fadeInUp o-anim-offset-o-anim-offset-0px has-strong-blue-color has-text-color has-link-color wp-elements-72160b32f4bd81b204f4daec1c14f087\" style=\"font-size:70px;font-style:normal;font-weight:400;letter-spacing:-4.2px\">Strat\u00e9gies et messages<\/h1>\n<\/div><\/div>\n\n<\/div><\/div>\n\n<style>.kb-row-layout-id1489_f58c2e-b9 > .kt-row-column-wrap{align-content:start;}:where(.kb-row-layout-id1489_f58c2e-b9 > .kt-row-column-wrap) > .wp-block-kadence-column{justify-content:start;}.kb-row-layout-id1489_f58c2e-b9 > .kt-row-column-wrap{column-gap:var(--global-kb-gap-md, 2rem);row-gap:var(--global-kb-gap-md, 2rem);max-width:1430px;margin-left:auto;margin-right:auto;padding-top:0px;padding-right:140px;padding-bottom:40px;padding-left:140px;grid-template-columns:minmax(0, 1fr);}.kb-row-layout-id1489_f58c2e-b9{background-color:rgba(211,233,232,0.3);}.kb-row-layout-id1489_f58c2e-b9 > .kt-row-layout-overlay{opacity:0.30;}@media all and (max-width: 1024px){.kb-row-layout-id1489_f58c2e-b9 > .kt-row-column-wrap{grid-template-columns:minmax(0, 1fr);}}@media all and (max-width: 767px){.kb-row-layout-id1489_f58c2e-b9 > .kt-row-column-wrap{padding-top:40px;padding-right:70px;padding-bottom:160px;padding-left:70px;grid-template-columns:minmax(0, 1fr);}}<\/style><div class=\"kb-row-layout-wrap kb-row-layout-id1489_f58c2e-b9 alignfull kt-row-has-bg wp-block-kadence-rowlayout\"><div class=\"kt-row-column-wrap kt-has-1-columns kt-row-layout-equal kt-tab-layout-inherit kt-mobile-layout-row kt-row-valign-top\">\n<style>.kadence-column1489_136f41-ee > .kt-inside-inner-col,.kadence-column1489_136f41-ee > .kt-inside-inner-col:before{border-top-left-radius:0px;border-top-right-radius:0px;border-bottom-right-radius:0px;border-bottom-left-radius:0px;}.kadence-column1489_136f41-ee > .kt-inside-inner-col{column-gap:var(--global-kb-gap-sm, 1rem);}.kadence-column1489_136f41-ee > .kt-inside-inner-col{flex-direction:column;}.kadence-column1489_136f41-ee > .kt-inside-inner-col > .aligncenter{width:100%;}.kadence-column1489_136f41-ee > .kt-inside-inner-col:before{opacity:0.3;}.kadence-column1489_136f41-ee{position:relative;}@media all and (max-width: 1024px){.kadence-column1489_136f41-ee > .kt-inside-inner-col{flex-direction:column;}}@media all and (max-width: 767px){.kadence-column1489_136f41-ee > .kt-inside-inner-col{flex-direction:column;}}.kadence-column1489_136f41-ee {max-width: 437px;}<\/style>\n<div class=\"wp-block-kadence-column kadence-column1489_136f41-ee animated fadeInUp delay-100ms\"><div class=\"kt-inside-inner-col\">\n<p class=\"border-spacer\">Clairs, concis, persuasifs : nos messages cl\u00e9s racontent votre histoire et transmettent votre proposition de valeur. Ils sont le fondement de toute bonne strat\u00e9gie de communication et de marketing.<\/p>\n<\/div><\/div>\n\n<\/div><\/div>\n\n<style>.kb-row-layout-id1489_81a0c6-04 > .kt-row-column-wrap{align-content:start;}:where(.kb-row-layout-id1489_81a0c6-04 > .kt-row-column-wrap) > .wp-block-kadence-column{justify-content:start;}.kb-row-layout-id1489_81a0c6-04 > .kt-row-column-wrap{column-gap:var(--global-kb-gap-sm, 1rem);row-gap:var(--global-kb-gap-md, 2rem);max-width:1430px;margin-left:auto;margin-right:auto;padding-top:50px;padding-right:140px;padding-bottom:104px;padding-left:140px;grid-template-columns:minmax(0, calc(40% - ((var(--global-kb-gap-sm, 1rem) * 1 )\/2)))minmax(0, calc(60% - ((var(--global-kb-gap-sm, 1rem) * 1 )\/2)));}.kb-row-layout-id1489_81a0c6-04{background-color:rgba(211,233,232,0.3);}.kb-row-layout-id1489_81a0c6-04 > .kt-row-layout-overlay{opacity:0.30;}@media all and (max-width: 1024px){.kb-row-layout-id1489_81a0c6-04 > .kt-row-column-wrap{row-gap:var(--global-kb-gap-none, 0rem );grid-template-columns:minmax(0, 1fr);}}@media all and (max-width: 767px){.kb-row-layout-id1489_81a0c6-04 > .kt-row-column-wrap{padding-top:50px;padding-right:70px;padding-bottom:50px;padding-left:70px;grid-template-columns:minmax(0, 1fr);}}<\/style><div class=\"kb-row-layout-wrap kb-row-layout-id1489_81a0c6-04 alignfull kt-row-has-bg wp-block-kadence-rowlayout\"><div class=\"kt-row-column-wrap kt-has-2-columns kt-row-layout-right-golden kt-tab-layout-row kt-mobile-layout-row kt-row-valign-top\">\n<style>.kadence-column1489_9a2f63-c0 > .kt-inside-inner-col,.kadence-column1489_9a2f63-c0 > .kt-inside-inner-col:before{border-top-left-radius:0px;border-top-right-radius:0px;border-bottom-right-radius:0px;border-bottom-left-radius:0px;}.kadence-column1489_9a2f63-c0 > .kt-inside-inner-col{column-gap:var(--global-kb-gap-sm, 1rem);}.kadence-column1489_9a2f63-c0 > .kt-inside-inner-col{flex-direction:column;}.kadence-column1489_9a2f63-c0 > .kt-inside-inner-col > .aligncenter{width:100%;}.kadence-column1489_9a2f63-c0 > .kt-inside-inner-col:before{opacity:0.3;}.kadence-column1489_9a2f63-c0{position:relative;}@media all and (max-width: 1024px){.kadence-column1489_9a2f63-c0 > .kt-inside-inner-col{padding-bottom:0px;flex-direction:column;}}@media all and (max-width: 767px){.kadence-column1489_9a2f63-c0 > .kt-inside-inner-col{flex-direction:column;}}.kadence-column1489_9a2f63-c0 p{ line-height: 35px;}<\/style>\n<div class=\"wp-block-kadence-column kadence-column1489_9a2f63-c0 animated fadeInUp\"><div class=\"kt-inside-inner-col\">\n<p class=\"has-large-font-size\" style=\"font-style:normal;font-weight:400;letter-spacing:0px\">Il est temps de semer les strat\u00e9gies qui donneront naissance \u00e0 de grands projets.<\/p>\n<\/div><\/div>\n\n\n<style>.kadence-column1489_6941e9-0e > .kt-inside-inner-col{padding-top:var(--global-kb-spacing-xxs, 0.5rem);}.kadence-column1489_6941e9-0e > .kt-inside-inner-col,.kadence-column1489_6941e9-0e > .kt-inside-inner-col:before{border-top-left-radius:0px;border-top-right-radius:0px;border-bottom-right-radius:0px;border-bottom-left-radius:0px;}.kadence-column1489_6941e9-0e > .kt-inside-inner-col{column-gap:var(--global-kb-gap-sm, 1rem);}.kadence-column1489_6941e9-0e > .kt-inside-inner-col{flex-direction:column;}.kadence-column1489_6941e9-0e > .kt-inside-inner-col > .aligncenter{width:100%;}.kadence-column1489_6941e9-0e > .kt-inside-inner-col:before{opacity:0.3;}.kadence-column1489_6941e9-0e{position:relative;}@media all and (max-width: 1024px){.kadence-column1489_6941e9-0e > .kt-inside-inner-col{padding-top:0px;padding-left:0px;flex-direction:column;}}@media all and (max-width: 767px){.kadence-column1489_6941e9-0e > .kt-inside-inner-col{flex-direction:column;}}.kadence-column1489_6941e9-0e {max-width: 430px;}<\/style>\n<div class=\"wp-block-kadence-column kadence-column1489_6941e9-0e animated fadeInUp\"><div class=\"kt-inside-inner-col\">\n<p>V\u00e9hiculer votre proposition de vente de mani\u00e8re \u00e0 ce qu\u2019elle trouve \u00e9cho aupr\u00e8s de votre public demande beaucoup de r\u00e9flexion et d\u2019efforts. Vous ne devriez pas avoir \u00e0 le faire seul.<\/p>\n\n\n\n<p>Nous unissons nos forces \u00e0 celles de nos clients pour \u00e9laborer et mettre en \u0153uvre des strat\u00e9gies globales de communication, de d\u00e9fense des int\u00e9r\u00eats et de marketing.<\/p>\n\n\n\n<p>Autrement dit, nous vous \u00e9coutons. Avec beaucoup d\u2019attention et un pragmatisme sans borne, puisque les ressources, elles, ont leurs limites.<\/p>\n\n\n\n<p>Ensemble, nous d\u00e9finissons une approche strat\u00e9gique, des objectifs ambitieux et des tactiques qui maximisent votre budget et transforment l\u2019impossible en r\u00e9alisable.<\/p>\n<\/div><\/div>\n\n<\/div><\/div>\n\n<style>.kb-row-layout-id1489_8b46d3-24 > .kt-row-column-wrap{align-content:start;}:where(.kb-row-layout-id1489_8b46d3-24 > .kt-row-column-wrap) > .wp-block-kadence-column{justify-content:start;}.kb-row-layout-id1489_8b46d3-24 > .kt-row-column-wrap{column-gap:var(--global-kb-gap-md, 2rem);row-gap:var(--global-kb-gap-md, 2rem);max-width:1718px;margin-left:auto;margin-right:auto;padding-top:0px;padding-right:0px;padding-bottom:130px;padding-left:0px;grid-template-columns:minmax(0, 1fr);}.kb-row-layout-id1489_8b46d3-24{background-color:rgba(211,233,232,0.3);}.kb-row-layout-id1489_8b46d3-24 > .kt-row-layout-overlay{opacity:0.30;}@media all and (max-width: 1024px){.kb-row-layout-id1489_8b46d3-24 > .kt-row-column-wrap{grid-template-columns:minmax(0, 1fr);}}@media all and (max-width: 767px){.kb-row-layout-id1489_8b46d3-24 > .kt-row-column-wrap{grid-template-columns:minmax(0, 1fr);}}<\/style><div class=\"kb-row-layout-wrap kb-row-layout-id1489_8b46d3-24 alignfull kt-row-has-bg wp-block-kadence-rowlayout\"><div class=\"kt-row-column-wrap kt-has-1-columns kt-row-layout-equal kt-tab-layout-inherit kt-mobile-layout-row kt-row-valign-top\">\n<style>.kadence-column1489_a047bc-68 > .kt-inside-inner-col,.kadence-column1489_a047bc-68 > .kt-inside-inner-col:before{border-top-left-radius:0px;border-top-right-radius:0px;border-bottom-right-radius:0px;border-bottom-left-radius:0px;}.kadence-column1489_a047bc-68 > .kt-inside-inner-col{column-gap:var(--global-kb-gap-sm, 1rem);}.kadence-column1489_a047bc-68 > .kt-inside-inner-col{flex-direction:column;}.kadence-column1489_a047bc-68 > .kt-inside-inner-col > .aligncenter{width:100%;}.kadence-column1489_a047bc-68 > .kt-inside-inner-col:before{opacity:0.3;}.kadence-column1489_a047bc-68{position:relative;}@media all and (max-width: 1024px){.kadence-column1489_a047bc-68 > .kt-inside-inner-col{flex-direction:column;}}@media all and (max-width: 767px){.kadence-column1489_a047bc-68 > .kt-inside-inner-col{flex-direction:column;}}<\/style>\n<div class=\"wp-block-kadence-column kadence-column1489_a047bc-68\"><div class=\"kt-inside-inner-col\">\n<figure class=\"wp-block-image size-full animated fadeInUp delay-100ms\"><img loading=\"lazy\" decoding=\"async\" width=\"1718\" height=\"949\" src=\"https:\/\/lyttoncommunications.com\/wp-content\/uploads\/2024\/02\/danique-dohmen-Vz2qL.jpg\" alt=\"\" class=\"wp-image-445\" srcset=\"https:\/\/lyttoncommunications.com\/wp-content\/uploads\/2024\/02\/danique-dohmen-Vz2qL.jpg 1718w, https:\/\/lyttoncommunications.com\/wp-content\/uploads\/2024\/02\/danique-dohmen-Vz2qL-300x166.jpg 300w, https:\/\/lyttoncommunications.com\/wp-content\/uploads\/2024\/02\/danique-dohmen-Vz2qL-1024x566.jpg 1024w, https:\/\/lyttoncommunications.com\/wp-content\/uploads\/2024\/02\/danique-dohmen-Vz2qL-768x424.jpg 768w, https:\/\/lyttoncommunications.com\/wp-content\/uploads\/2024\/02\/danique-dohmen-Vz2qL-1536x848.jpg 1536w\" sizes=\"auto, (max-width: 1718px) 100vw, 1718px\" \/><\/figure>\n<\/div><\/div>\n\n<\/div><\/div>","protected":false},"excerpt":{"rendered":"<p>R\u00c9ALISATIONS Strat\u00e9gies et messages Clairs, concis, persuasifs : nos messages cl\u00e9s racontent votre histoire et transmettent votre proposition de valeur. Ils sont le fondement de toute bonne strat\u00e9gie de communication et de marketing. Il est temps de semer les strat\u00e9gies qui donneront naissance \u00e0 de grands projets. V\u00e9hiculer votre proposition de vente de mani\u00e8re \u00e0 [&hellip;]<\/p>\n","protected":false},"author":1,"featured_media":0,"parent":1488,"menu_order":0,"comment_status":"closed","ping_status":"closed","template":"","meta":{"_acf_changed":false,"inline_featured_image":false,"footnotes":""},"class_list":["post-1489","page","type-page","status-publish","hentry"],"acf":[],"yoast_head":"<!-- This site is optimized with the Yoast SEO plugin v23.0 - https:\/\/yoast.com\/wordpress\/plugins\/seo\/ -->\n<title>Strat\u00e9gie et messagerie | Lytton Communications | Toronto<\/title>\n<meta name=\"description\" content=\"Nous plantons les graines de bonnes strat\u00e9gies de croissance. Lytton Communications travaille avec nos clients pour d\u00e9velopper et ex\u00e9cuter des strat\u00e9gies compl\u00e8tes de communication, de plaidoyer et de marketing.\" \/>\n<meta name=\"robots\" content=\"index, follow, max-snippet:-1, max-image-preview:large, max-video-preview:-1\" \/>\n<link rel=\"canonical\" href=\"https:\/\/lyttoncommunications.com\/fr\/work\/strategy-messaging\/\" \/>\n<meta property=\"og:locale\" content=\"fr_FR\" \/>\n<meta property=\"og:type\" content=\"article\" \/>\n<meta property=\"og:title\" content=\"Strat\u00e9gie et messagerie | Lytton Communications | Toronto\" \/>\n<meta property=\"og:description\" content=\"Nous plantons les graines de bonnes strat\u00e9gies de croissance. Lytton Communications travaille avec nos clients pour d\u00e9velopper et ex\u00e9cuter des strat\u00e9gies compl\u00e8tes de communication, de plaidoyer et de marketing.\" \/>\n<meta property=\"og:url\" content=\"https:\/\/lyttoncommunications.com\/fr\/work\/strategy-messaging\/\" \/>\n<meta property=\"og:site_name\" content=\"Lytton Communications\" \/>\n<meta property=\"article:modified_time\" content=\"2024-03-19T08:11:24+00:00\" \/>\n<meta property=\"og:image\" content=\"https:\/\/lyttoncommunications.com\/wp-content\/uploads\/2024\/02\/danique-dohmen-Vz2qL.jpg\" \/>\n<meta name=\"twitter:card\" content=\"summary_large_image\" \/>\n<meta name=\"twitter:label1\" content=\"Est. reading time\" \/>\n\t<meta name=\"twitter:data1\" content=\"1 minute\" \/>\n<script type=\"application\/ld+json\" class=\"yoast-schema-graph\">{\"@context\":\"https:\/\/schema.org\",\"@graph\":[{\"@type\":\"WebPage\",\"@id\":\"https:\/\/lyttoncommunications.com\/fr\/work\/strategy-messaging\/\",\"url\":\"https:\/\/lyttoncommunications.com\/fr\/work\/strategy-messaging\/\",\"name\":\"Strat\u00e9gie et messagerie | Lytton Communications | Toronto\",\"isPartOf\":{\"@id\":\"https:\/\/lyttoncommunications.com\/fr\/#website\"},\"primaryImageOfPage\":{\"@id\":\"https:\/\/lyttoncommunications.com\/fr\/work\/strategy-messaging\/#primaryimage\"},\"image\":{\"@id\":\"https:\/\/lyttoncommunications.com\/fr\/work\/strategy-messaging\/#primaryimage\"},\"thumbnailUrl\":\"https:\/\/lyttoncommunications.com\/wp-content\/uploads\/2024\/02\/danique-dohmen-Vz2qL.jpg\",\"datePublished\":\"2024-02-06T11:29:23+00:00\",\"dateModified\":\"2024-03-19T08:11:24+00:00\",\"description\":\"Nous plantons les graines de bonnes strat\u00e9gies de croissance. Lytton Communications travaille avec nos clients pour d\u00e9velopper et ex\u00e9cuter des strat\u00e9gies compl\u00e8tes de communication, de plaidoyer et de marketing.\",\"breadcrumb\":{\"@id\":\"https:\/\/lyttoncommunications.com\/fr\/work\/strategy-messaging\/#breadcrumb\"},\"inLanguage\":\"fr-FR\",\"potentialAction\":[{\"@type\":\"ReadAction\",\"target\":[\"https:\/\/lyttoncommunications.com\/fr\/work\/strategy-messaging\/\"]}]},{\"@type\":\"ImageObject\",\"inLanguage\":\"fr-FR\",\"@id\":\"https:\/\/lyttoncommunications.com\/fr\/work\/strategy-messaging\/#primaryimage\",\"url\":\"https:\/\/lyttoncommunications.com\/wp-content\/uploads\/2024\/02\/danique-dohmen-Vz2qL.jpg\",\"contentUrl\":\"https:\/\/lyttoncommunications.com\/wp-content\/uploads\/2024\/02\/danique-dohmen-Vz2qL.jpg\"},{\"@type\":\"BreadcrumbList\",\"@id\":\"https:\/\/lyttoncommunications.com\/fr\/work\/strategy-messaging\/#breadcrumb\",\"itemListElement\":[{\"@type\":\"ListItem\",\"position\":1,\"name\":\"Home\",\"item\":\"https:\/\/lyttoncommunications.com\/fr\/\"},{\"@type\":\"ListItem\",\"position\":2,\"name\":\"Work\",\"item\":\"https:\/\/lyttoncommunications.com\/fr\/work\/\"},{\"@type\":\"ListItem\",\"position\":3,\"name\":\"Strategy &amp; Messaging\"}]},{\"@type\":\"WebSite\",\"@id\":\"https:\/\/lyttoncommunications.com\/fr\/#website\",\"url\":\"https:\/\/lyttoncommunications.com\/fr\/\",\"name\":\"Lytton Communications\",\"description\":\"Strategic Communications &amp; Marketing Agency Toronto\",\"publisher\":{\"@id\":\"https:\/\/lyttoncommunications.com\/fr\/#organization\"},\"potentialAction\":[{\"@type\":\"SearchAction\",\"target\":{\"@type\":\"EntryPoint\",\"urlTemplate\":\"https:\/\/lyttoncommunications.com\/fr\/?s={search_term_string}\"},\"query-input\":\"required name=search_term_string\"}],\"inLanguage\":\"fr-FR\"},{\"@type\":\"Organization\",\"@id\":\"https:\/\/lyttoncommunications.com\/fr\/#organization\",\"name\":\"Lytton Communications\",\"url\":\"https:\/\/lyttoncommunications.com\/fr\/\",\"logo\":{\"@type\":\"ImageObject\",\"inLanguage\":\"fr-FR\",\"@id\":\"https:\/\/lyttoncommunications.com\/fr\/#\/schema\/logo\/image\/\",\"url\":\"https:\/\/lyttoncommunications.com\/wp-content\/uploads\/2024\/02\/logo_Lytton.svg\",\"contentUrl\":\"https:\/\/lyttoncommunications.com\/wp-content\/uploads\/2024\/02\/logo_Lytton.svg\",\"width\":193,\"height\":52,\"caption\":\"Lytton Communications\"},\"image\":{\"@id\":\"https:\/\/lyttoncommunications.com\/fr\/#\/schema\/logo\/image\/\"}}]}<\/script>\n<!-- \/ Yoast SEO plugin. -->","yoast_head_json":{"title":"Strat\u00e9gie et messagerie | Lytton Communications | Toronto","description":"Nous plantons les graines de bonnes strat\u00e9gies de croissance. Lytton Communications travaille avec nos clients pour d\u00e9velopper et ex\u00e9cuter des strat\u00e9gies compl\u00e8tes de communication, de plaidoyer et de marketing.","robots":{"index":"index","follow":"follow","max-snippet":"max-snippet:-1","max-image-preview":"max-image-preview:large","max-video-preview":"max-video-preview:-1"},"canonical":"https:\/\/lyttoncommunications.com\/fr\/work\/strategy-messaging\/","og_locale":"fr_FR","og_type":"article","og_title":"Strat\u00e9gie et messagerie | Lytton Communications | Toronto","og_description":"Nous plantons les graines de bonnes strat\u00e9gies de croissance. Lytton Communications travaille avec nos clients pour d\u00e9velopper et ex\u00e9cuter des strat\u00e9gies compl\u00e8tes de communication, de plaidoyer et de marketing.","og_url":"https:\/\/lyttoncommunications.com\/fr\/work\/strategy-messaging\/","og_site_name":"Lytton Communications","article_modified_time":"2024-03-19T08:11:24+00:00","og_image":[{"url":"https:\/\/lyttoncommunications.com\/wp-content\/uploads\/2024\/02\/danique-dohmen-Vz2qL.jpg"}],"twitter_card":"summary_large_image","twitter_misc":{"Est. reading time":"1 minute"},"schema":{"@context":"https:\/\/schema.org","@graph":[{"@type":"WebPage","@id":"https:\/\/lyttoncommunications.com\/fr\/work\/strategy-messaging\/","url":"https:\/\/lyttoncommunications.com\/fr\/work\/strategy-messaging\/","name":"Strat\u00e9gie et messagerie | Lytton Communications | Toronto","isPartOf":{"@id":"https:\/\/lyttoncommunications.com\/fr\/#website"},"primaryImageOfPage":{"@id":"https:\/\/lyttoncommunications.com\/fr\/work\/strategy-messaging\/#primaryimage"},"image":{"@id":"https:\/\/lyttoncommunications.com\/fr\/work\/strategy-messaging\/#primaryimage"},"thumbnailUrl":"https:\/\/lyttoncommunications.com\/wp-content\/uploads\/2024\/02\/danique-dohmen-Vz2qL.jpg","datePublished":"2024-02-06T11:29:23+00:00","dateModified":"2024-03-19T08:11:24+00:00","description":"Nous plantons les graines de bonnes strat\u00e9gies de croissance. Lytton Communications travaille avec nos clients pour d\u00e9velopper et ex\u00e9cuter des strat\u00e9gies compl\u00e8tes de communication, de plaidoyer et de marketing.","breadcrumb":{"@id":"https:\/\/lyttoncommunications.com\/fr\/work\/strategy-messaging\/#breadcrumb"},"inLanguage":"fr-FR","potentialAction":[{"@type":"ReadAction","target":["https:\/\/lyttoncommunications.com\/fr\/work\/strategy-messaging\/"]}]},{"@type":"ImageObject","inLanguage":"fr-FR","@id":"https:\/\/lyttoncommunications.com\/fr\/work\/strategy-messaging\/#primaryimage","url":"https:\/\/lyttoncommunications.com\/wp-content\/uploads\/2024\/02\/danique-dohmen-Vz2qL.jpg","contentUrl":"https:\/\/lyttoncommunications.com\/wp-content\/uploads\/2024\/02\/danique-dohmen-Vz2qL.jpg"},{"@type":"BreadcrumbList","@id":"https:\/\/lyttoncommunications.com\/fr\/work\/strategy-messaging\/#breadcrumb","itemListElement":[{"@type":"ListItem","position":1,"name":"Home","item":"https:\/\/lyttoncommunications.com\/fr\/"},{"@type":"ListItem","position":2,"name":"Work","item":"https:\/\/lyttoncommunications.com\/fr\/work\/"},{"@type":"ListItem","position":3,"name":"Strategy &amp; Messaging"}]},{"@type":"WebSite","@id":"https:\/\/lyttoncommunications.com\/fr\/#website","url":"https:\/\/lyttoncommunications.com\/fr\/","name":"Lytton Communications","description":"Strategic Communications &amp; Marketing Agency Toronto","publisher":{"@id":"https:\/\/lyttoncommunications.com\/fr\/#organization"},"potentialAction":[{"@type":"SearchAction","target":{"@type":"EntryPoint","urlTemplate":"https:\/\/lyttoncommunications.com\/fr\/?s={search_term_string}"},"query-input":"required name=search_term_string"}],"inLanguage":"fr-FR"},{"@type":"Organization","@id":"https:\/\/lyttoncommunications.com\/fr\/#organization","name":"Lytton Communications","url":"https:\/\/lyttoncommunications.com\/fr\/","logo":{"@type":"ImageObject","inLanguage":"fr-FR","@id":"https:\/\/lyttoncommunications.com\/fr\/#\/schema\/logo\/image\/","url":"https:\/\/lyttoncommunications.com\/wp-content\/uploads\/2024\/02\/logo_Lytton.svg","contentUrl":"https:\/\/lyttoncommunications.com\/wp-content\/uploads\/2024\/02\/logo_Lytton.svg","width":193,"height":52,"caption":"Lytton Communications"},"image":{"@id":"https:\/\/lyttoncommunications.com\/fr\/#\/schema\/logo\/image\/"}}]}},"_links":{"self":[{"href":"https:\/\/lyttoncommunications.com\/fr\/wp-json\/wp\/v2\/pages\/1489","targetHints":{"allow":["GET"]}}],"collection":[{"href":"https:\/\/lyttoncommunications.com\/fr\/wp-json\/wp\/v2\/pages"}],"about":[{"href":"https:\/\/lyttoncommunications.com\/fr\/wp-json\/wp\/v2\/types\/page"}],"author":[{"embeddable":true,"href":"https:\/\/lyttoncommunications.com\/fr\/wp-json\/wp\/v2\/users\/1"}],"replies":[{"embeddable":true,"href":"https:\/\/lyttoncommunications.com\/fr\/wp-json\/wp\/v2\/comments?post=1489"}],"version-history":[{"count":0,"href":"https:\/\/lyttoncommunications.com\/fr\/wp-json\/wp\/v2\/pages\/1489\/revisions"}],"up":[{"embeddable":true,"href":"https:\/\/lyttoncommunications.com\/fr\/wp-json\/wp\/v2\/pages\/1488"}],"wp:attachment":[{"href":"https:\/\/lyttoncommunications.com\/fr\/wp-json\/wp\/v2\/media?parent=1489"}],"curies":[{"name":"wp","href":"https:\/\/api.w.org\/{rel}","templated":true}]}}