{"id":1488,"date":"2024-01-29T19:49:43","date_gmt":"2024-01-30T00:49:43","guid":{"rendered":"https:\/\/lyttoncommunications.com\/?page_id=1488"},"modified":"2024-03-19T14:29:33","modified_gmt":"2024-03-19T14:29:33","slug":"work","status":"publish","type":"page","link":"https:\/\/lyttoncommunications.com\/fr\/work\/","title":{"rendered":"Work"},"content":{"rendered":"<style>.kb-row-layout-id1488_ff9730-ce > .kt-row-column-wrap{align-content:start;}:where(.kb-row-layout-id1488_ff9730-ce > .kt-row-column-wrap) > .wp-block-kadence-column{justify-content:start;}.kb-row-layout-id1488_ff9730-ce > .kt-row-column-wrap{column-gap:var(--global-kb-gap-md, 2rem);row-gap:var(--global-kb-gap-sm, 1rem);max-width:1460px;padding-top:260px;padding-bottom:24px;grid-template-columns:minmax(0, 1fr);}.kb-row-layout-id1488_ff9730-ce{background-color:rgba(211,233,232,0.3);}.kb-row-layout-id1488_ff9730-ce > .kt-row-layout-overlay{opacity:0.30;}@media all and (max-width: 1024px){.kb-row-layout-id1488_ff9730-ce > .kt-row-column-wrap{padding-top:200px;grid-template-columns:minmax(0, 1fr);}}@media all and (max-width: 767px){.kb-row-layout-id1488_ff9730-ce > .kt-row-column-wrap{padding-top:150px;grid-template-columns:minmax(0, 1fr);}}<\/style><div class=\"kb-row-layout-wrap kb-row-layout-id1488_ff9730-ce alignfull kt-row-has-bg wp-block-kadence-rowlayout\"><div class=\"kt-row-column-wrap kt-has-1-columns kt-row-layout-equal kt-tab-layout-inherit kt-mobile-layout-row kt-row-valign-top kb-theme-content-width\">\n<style>.kadence-column1488_5a1510-88 > .kt-inside-inner-col,.kadence-column1488_5a1510-88 > .kt-inside-inner-col:before{border-top-left-radius:0px;border-top-right-radius:0px;border-bottom-right-radius:0px;border-bottom-left-radius:0px;}.kadence-column1488_5a1510-88 > .kt-inside-inner-col{column-gap:var(--global-kb-gap-sm, 1rem);}.kadence-column1488_5a1510-88 > .kt-inside-inner-col{flex-direction:column;}.kadence-column1488_5a1510-88 > .kt-inside-inner-col > .aligncenter{width:100%;}.kadence-column1488_5a1510-88 > .kt-inside-inner-col:before{opacity:0.3;}.kadence-column1488_5a1510-88{position:relative;}@media all and (max-width: 1024px){.kadence-column1488_5a1510-88 > .kt-inside-inner-col{flex-direction:column;}}@media all and (max-width: 767px){.kadence-column1488_5a1510-88 > .kt-inside-inner-col{flex-direction:column;}}.kadence-column1488_5a1510-88 {}<\/style>\n<div class=\"wp-block-kadence-column kadence-column1488_5a1510-88\"><div class=\"kt-inside-inner-col\">\n<h2 class=\"wp-block-heading animated fadeIn slower has-small-font-size\" style=\"letter-spacing:3.2px;text-transform:uppercase\">R\u00c9ALISATIONS<\/h2>\n\n\n\n<h1 class=\"wp-block-heading xxl-heading animated fadeInUp o-anim-offset-o-anim-offset-0px has-strong-blue-color has-text-color has-link-color wp-elements-ec955f29f9dc998caef7f53da925fa11\" style=\"font-size:70px;font-style:normal;font-weight:400;letter-spacing:-4.2px\">Nos projets portent loin.<\/h1>\n<\/div><\/div>\n\n<\/div><\/div>\n\n<style>.kb-row-layout-id1488_9c6f6d-d5 > .kt-row-column-wrap{align-content:start;}:where(.kb-row-layout-id1488_9c6f6d-d5 > .kt-row-column-wrap) > .wp-block-kadence-column{justify-content:start;}.kb-row-layout-id1488_9c6f6d-d5 > .kt-row-column-wrap{column-gap:var(--global-kb-gap-md, 2rem);row-gap:var(--global-kb-gap-md, 2rem);max-width:1330px;margin-left:auto;margin-right:auto;padding-top:var(--global-kb-spacing-sm, 1.5rem);padding-bottom:var(--global-kb-spacing-xxl, 5rem);}.kb-row-layout-id1488_9c6f6d-d5 > .kt-row-column-wrap > div:not(.added-for-specificity){grid-column:initial;}.kb-row-layout-id1488_9c6f6d-d5 > .kt-row-column-wrap{grid-template-columns:repeat(3, minmax(0, 1fr));}.kb-row-layout-id1488_9c6f6d-d5{background-image:linear-gradient(180deg,rgba(211,233,232,0.3) 0%,rgba(211,233,232,0.3) 23%,rgb(255,255,255) 23%,rgb(255,255,255) 100%);}.kb-row-layout-id1488_9c6f6d-d5 > .kt-row-layout-overlay{opacity:0.30;}@media all and (max-width: 1024px){.kb-row-layout-id1488_9c6f6d-d5 > .kt-row-column-wrap > div:not(.added-for-specificity){grid-column:initial;}}@media all and (max-width: 1024px){.kb-row-layout-id1488_9c6f6d-d5 > .kt-row-column-wrap{grid-template-columns:repeat(3, minmax(0, 1fr));}}@media all and (max-width: 767px){.kb-row-layout-id1488_9c6f6d-d5 > .kt-row-column-wrap{column-gap:var(--global-kb-gap-sm, 1rem);row-gap:var(--global-kb-gap-none, 0rem );grid-template-columns:repeat(2, minmax(0, 1fr));}.kb-row-layout-id1488_9c6f6d-d5 > .kt-row-column-wrap > *:nth-child(3n of *:not(style)){grid-column:1 \/ -1;}}.kb-row-layout-id1488_9c6f6d-d5 .wp-block-image {\tmargin-bottom: 6% !important;}@media (max-width: 480px) {.kb-row-layout-id1488_9c6f6d-d5 > .kt-row-column-wrap {\tgrid-template-columns: unset;}}@media (min-width: 1465px) {.kb-row-layout-id1488_9c6f6d-d5 .kt-row-column-wrap{transform: translateX(-66px);}}@media (max-width: 1465px) {    .kb-row-layout-id1488_9c6f6d-d5 .kt-row-column-wrap{margin-left: 0px;}}<\/style><div class=\"kb-row-layout-wrap kb-row-layout-id1488_9c6f6d-d5 alignfull kt-row-has-bg animated fadeIn delay-100ms wp-block-kadence-rowlayout\"><div class=\"kt-row-column-wrap kt-has-3-columns kt-row-layout-equal kt-tab-layout-inherit kt-mobile-layout-last-row kt-row-valign-top\">\n<style>.kadence-column1488_2654c6-6a > .kt-inside-inner-col{padding-top:var(--global-kb-spacing-lg, 3rem);}.kadence-column1488_2654c6-6a > .kt-inside-inner-col,.kadence-column1488_2654c6-6a > .kt-inside-inner-col:before{border-top-left-radius:0px;border-top-right-radius:0px;border-bottom-right-radius:0px;border-bottom-left-radius:0px;}.kadence-column1488_2654c6-6a > .kt-inside-inner-col{column-gap:var(--global-kb-gap-sm, 1rem);}.kadence-column1488_2654c6-6a > .kt-inside-inner-col{flex-direction:column;}.kadence-column1488_2654c6-6a > .kt-inside-inner-col > .aligncenter{width:100%;}.kadence-column1488_2654c6-6a > .kt-inside-inner-col:before{opacity:0.3;}.kadence-column1488_2654c6-6a{position:relative;}@media all and (max-width: 1024px){.kadence-column1488_2654c6-6a > .kt-inside-inner-col{flex-direction:column;}}@media all and (max-width: 767px){.kadence-column1488_2654c6-6a > .kt-inside-inner-col{flex-direction:column;}}<\/style>\n<div class=\"wp-block-kadence-column kadence-column1488_2654c6-6a animated fadeInUp\"><div class=\"kt-inside-inner-col\">\n<figure class=\"wp-block-image size-full caption_over_image rellax\" data-rellax-xs-speed=\"0\" data-rellax-speed=\"2\"><a href=\"https:\/\/lyttoncommunications.com\/fr\/work\/strategy-messaging\/\"><img loading=\"lazy\" decoding=\"async\" width=\"416\" height=\"580\" src=\"https:\/\/lyttoncommunications.com\/wp-content\/uploads\/2024\/02\/strategy-messaging.jpg\" alt=\"\" class=\"wp-image-1107\" srcset=\"https:\/\/lyttoncommunications.com\/wp-content\/uploads\/2024\/02\/strategy-messaging.jpg 416w, https:\/\/lyttoncommunications.com\/wp-content\/uploads\/2024\/02\/strategy-messaging-215x300.jpg 215w\" sizes=\"auto, (max-width: 416px) 100vw, 416px\" \/><\/a><figcaption class=\"wp-element-caption\">Strat\u00e9gies et messages<\/figcaption><\/figure>\n\n\n\n<figure class=\"wp-block-image size-full caption_over_image rellax\" data-rellax-xs-speed=\"0\" data-rellax-speed=\"2\"><a href=\"https:\/\/lyttoncommunications.com\/fr\/work\/campaigns\/\"><img loading=\"lazy\" decoding=\"async\" width=\"416\" height=\"580\" src=\"https:\/\/lyttoncommunications.com\/wp-content\/uploads\/2024\/02\/campaigns.jpg\" alt=\"\" class=\"wp-image-1101\" srcset=\"https:\/\/lyttoncommunications.com\/wp-content\/uploads\/2024\/02\/campaigns.jpg 416w, https:\/\/lyttoncommunications.com\/wp-content\/uploads\/2024\/02\/campaigns-215x300.jpg 215w\" sizes=\"auto, (max-width: 416px) 100vw, 416px\" \/><\/a><figcaption class=\"wp-element-caption\">Campagnes<\/figcaption><\/figure>\n\n\n\n<figure class=\"wp-block-image size-full image-spacer rellax\" data-rellax-xs-speed=\"0\" data-rellax-speed=\"1.5\"><img loading=\"lazy\" decoding=\"async\" width=\"413\" height=\"184\" src=\"https:\/\/lyttoncommunications.com\/wp-content\/uploads\/2024\/02\/Rectangle-67.png\" alt=\"\" class=\"wp-image-1095\" srcset=\"https:\/\/lyttoncommunications.com\/wp-content\/uploads\/2024\/02\/Rectangle-67.png 413w, https:\/\/lyttoncommunications.com\/wp-content\/uploads\/2024\/02\/Rectangle-67-300x134.png 300w\" sizes=\"auto, (max-width: 413px) 100vw, 413px\" \/><\/figure>\n<\/div><\/div>\n\n\n<style>.kadence-column1488_42f324-20 > .kt-inside-inner-col,.kadence-column1488_42f324-20 > .kt-inside-inner-col:before{border-top-left-radius:0px;border-top-right-radius:0px;border-bottom-right-radius:0px;border-bottom-left-radius:0px;}.kadence-column1488_42f324-20 > .kt-inside-inner-col{column-gap:var(--global-kb-gap-sm, 1rem);}.kadence-column1488_42f324-20 > .kt-inside-inner-col{flex-direction:column;}.kadence-column1488_42f324-20 > .kt-inside-inner-col > .aligncenter{width:100%;}.kadence-column1488_42f324-20 > .kt-inside-inner-col:before{opacity:0.3;}.kadence-column1488_42f324-20{position:relative;}@media all and (max-width: 1024px){.kadence-column1488_42f324-20 > .kt-inside-inner-col{flex-direction:column;}}@media all and (max-width: 767px){.kadence-column1488_42f324-20 > .kt-inside-inner-col{flex-direction:column;}}<\/style>\n<div class=\"wp-block-kadence-column kadence-column1488_42f324-20 animated fadeInUp\"><div class=\"kt-inside-inner-col\">\n<figure class=\"wp-block-image size-full image-spacer spacer1 rellax\" data-rellax-xs-speed=\"0\" data-rellax-speed=\"-0.5\"><img loading=\"lazy\" decoding=\"async\" width=\"413\" height=\"184\" src=\"https:\/\/lyttoncommunications.com\/wp-content\/uploads\/2024\/02\/Rectangle-64.png\" alt=\"\" class=\"wp-image-1093\" srcset=\"https:\/\/lyttoncommunications.com\/wp-content\/uploads\/2024\/02\/Rectangle-64.png 413w, https:\/\/lyttoncommunications.com\/wp-content\/uploads\/2024\/02\/Rectangle-64-300x134.png 300w\" sizes=\"auto, (max-width: 413px) 100vw, 413px\" \/><\/figure>\n\n\n\n<figure class=\"wp-block-image size-full caption_over_image rellax\" data-rellax-xs-speed=\"0\" data-rellax-speed=\"-1\"><a href=\"https:\/\/lyttoncommunications.com\/fr\/work\/branding-web\/\"><img loading=\"lazy\" decoding=\"async\" width=\"416\" height=\"580\" src=\"https:\/\/lyttoncommunications.com\/wp-content\/uploads\/2024\/02\/branding-web.jpg\" alt=\"\" class=\"wp-image-1099\" srcset=\"https:\/\/lyttoncommunications.com\/wp-content\/uploads\/2024\/02\/branding-web.jpg 416w, https:\/\/lyttoncommunications.com\/wp-content\/uploads\/2024\/02\/branding-web-215x300.jpg 215w\" sizes=\"auto, (max-width: 416px) 100vw, 416px\" \/><\/a><figcaption class=\"wp-element-caption\">Images de marque et Internet<\/figcaption><\/figure>\n\n\n\n<figure class=\"wp-block-image size-full caption_over_image rellax\" data-rellax-xs-speed=\"0\" data-rellax-speed=\"-1\"><a href=\"https:\/\/lyttoncommunications.com\/fr\/work\/publications\/\"><img loading=\"lazy\" decoding=\"async\" width=\"416\" height=\"580\" src=\"https:\/\/lyttoncommunications.com\/wp-content\/uploads\/2024\/02\/publication.jpg\" alt=\"\" class=\"wp-image-1105\" srcset=\"https:\/\/lyttoncommunications.com\/wp-content\/uploads\/2024\/02\/publication.jpg 416w, https:\/\/lyttoncommunications.com\/wp-content\/uploads\/2024\/02\/publication-215x300.jpg 215w\" sizes=\"auto, (max-width: 416px) 100vw, 416px\" \/><\/a><figcaption class=\"wp-element-caption\">Publications<\/figcaption><\/figure>\n\n\n\n<figure class=\"wp-block-image size-full image-spacer spacer2 animated fadeInUp delay-100ms\"><img loading=\"lazy\" decoding=\"async\" width=\"413\" height=\"184\" src=\"https:\/\/lyttoncommunications.com\/wp-content\/uploads\/2024\/02\/Rectangle-64.png\" alt=\"\" class=\"wp-image-1093\" srcset=\"https:\/\/lyttoncommunications.com\/wp-content\/uploads\/2024\/02\/Rectangle-64.png 413w, https:\/\/lyttoncommunications.com\/wp-content\/uploads\/2024\/02\/Rectangle-64-300x134.png 300w\" sizes=\"auto, (max-width: 413px) 100vw, 413px\" \/><\/figure>\n<\/div><\/div>\n\n\n<style>.kadence-column1488_f5d9de-b1 > .kt-inside-inner-col{padding-top:var(--global-kb-spacing-lg, 3rem);}.kadence-column1488_f5d9de-b1 > .kt-inside-inner-col,.kadence-column1488_f5d9de-b1 > .kt-inside-inner-col:before{border-top-left-radius:0px;border-top-right-radius:0px;border-bottom-right-radius:0px;border-bottom-left-radius:0px;}.kadence-column1488_f5d9de-b1 > .kt-inside-inner-col{column-gap:var(--global-kb-gap-sm, 1rem);}.kadence-column1488_f5d9de-b1 > .kt-inside-inner-col{flex-direction:column;}.kadence-column1488_f5d9de-b1 > .kt-inside-inner-col > .aligncenter{width:100%;}.kadence-column1488_f5d9de-b1 > .kt-inside-inner-col:before{opacity:0.3;}.kadence-column1488_f5d9de-b1{position:relative;}@media all and (max-width: 1024px){.kadence-column1488_f5d9de-b1 > .kt-inside-inner-col{flex-direction:column;}}@media all and (max-width: 767px){.kadence-column1488_f5d9de-b1 > .kt-inside-inner-col{display:flex;padding-top:var(--global-kb-spacing-xxs, 0.5rem);flex-direction:row;flex-wrap:wrap;align-items:center;justify-content:center;}.kadence-column1488_f5d9de-b1 > .kt-inside-inner-col > *, .kadence-column1488_f5d9de-b1 > .kt-inside-inner-col > figure.wp-block-image, .kadence-column1488_f5d9de-b1 > .kt-inside-inner-col > figure.wp-block-kadence-image{margin-top:0px;margin-bottom:0px;}.kadence-column1488_f5d9de-b1 > .kt-inside-inner-col > .kb-image-is-ratio-size{flex-grow:1;}}@media only screen and (max-width: 767px) {  .kadence-column1488_f5d9de-b1 .wp-block-image.caption_over_image {  \twidth: 48%;  }  .kadence-column1488_f5d9de-b1 .wp-block-image.caption_over_image.last {  \tmargin-top: -12vh !important;  }}@media only screen and (max-width: 480px) {  .kadence-column1488_f5d9de-b1 .wp-block-image.caption_over_image {  \twidth: 100%;  }  .kadence-column1488_f5d9de-b1 .wp-block-image.caption_over_image.last {  \tmargin-top: 0 !important;  }}<\/style>\n<div class=\"wp-block-kadence-column kadence-column1488_f5d9de-b1 kb-section-sm-dir-horizontal animated fadeInUp\"><div class=\"kt-inside-inner-col\">\n<figure class=\"wp-block-image size-full caption_over_image rellax\" data-rellax-xs-speed=\"0\" data-rellax-speed=\"2\"><a href=\"https:\/\/lyttoncommunications.com\/fr\/work\/government-relations-advocacy\/\"><img loading=\"lazy\" decoding=\"async\" width=\"416\" height=\"580\" src=\"https:\/\/lyttoncommunications.com\/wp-content\/uploads\/2024\/02\/women-entrepreneurs.jpg\" alt=\"\" class=\"wp-image-1097\" srcset=\"https:\/\/lyttoncommunications.com\/wp-content\/uploads\/2024\/02\/women-entrepreneurs.jpg 416w, https:\/\/lyttoncommunications.com\/wp-content\/uploads\/2024\/02\/women-entrepreneurs-215x300.jpg 215w\" sizes=\"auto, (max-width: 416px) 100vw, 416px\" \/><\/a><figcaption class=\"wp-element-caption\">Relations gouvernementales et d\u00e9fense des int\u00e9r\u00eats<\/figcaption><\/figure>\n\n\n\n<figure class=\"wp-block-image size-full caption_over_image last rellax\" data-rellax-xs-speed=\"0\" data-rellax-speed=\"2\"><a href=\"https:\/\/lyttoncommunications.com\/fr\/work\/women-entrepreneurs\/\"><img loading=\"lazy\" decoding=\"async\" width=\"416\" height=\"580\" src=\"https:\/\/lyttoncommunications.com\/wp-content\/uploads\/2024\/02\/goverments-relations.jpg\" alt=\"\" class=\"wp-image-1103\" srcset=\"https:\/\/lyttoncommunications.com\/wp-content\/uploads\/2024\/02\/goverments-relations.jpg 416w, https:\/\/lyttoncommunications.com\/wp-content\/uploads\/2024\/02\/goverments-relations-215x300.jpg 215w\" sizes=\"auto, (max-width: 416px) 100vw, 416px\" \/><\/a><figcaption class=\"wp-element-caption\">Femmes entrepreneures<\/figcaption><\/figure>\n\n\n\n<figure class=\"wp-block-image size-full image-spacer rellax\" data-rellax-xs-speed=\"0\" data-rellax-speed=\"1.5\"><img loading=\"lazy\" decoding=\"async\" width=\"413\" height=\"174\" src=\"https:\/\/lyttoncommunications.com\/wp-content\/uploads\/2024\/02\/Rectangle-box.png\" alt=\"\" class=\"wp-image-1253\" srcset=\"https:\/\/lyttoncommunications.com\/wp-content\/uploads\/2024\/02\/Rectangle-box.png 413w, https:\/\/lyttoncommunications.com\/wp-content\/uploads\/2024\/02\/Rectangle-box-300x126.png 300w\" sizes=\"auto, (max-width: 413px) 100vw, 413px\" \/><\/figure>\n<\/div><\/div>\n\n<\/div><\/div>","protected":false},"excerpt":{"rendered":"<p>R\u00c9ALISATIONS Nos projets portent loin.<\/p>\n","protected":false},"author":1,"featured_media":0,"parent":0,"menu_order":0,"comment_status":"closed","ping_status":"closed","template":"","meta":{"_acf_changed":false,"inline_featured_image":false,"footnotes":""},"class_list":["post-1488","page","type-page","status-publish","hentry"],"acf":[],"yoast_head":"<!-- This site is optimized with the Yoast SEO plugin v23.0 - https:\/\/yoast.com\/wordpress\/plugins\/seo\/ -->\n<title>Notre travail | Lytton Communications | Toronto<\/title>\n<meta name=\"description\" content=\"Il faut une r\u00e9flexion intelligente et des efforts pour atteindre vos objectifs de mani\u00e8re \u00e0 cr\u00e9er un lien avec votre public. Vous ne devriez pas avoir \u00e0 le faire seul. D\u00e9couvrez notre travail.\" \/>\n<meta name=\"robots\" content=\"index, follow, max-snippet:-1, max-image-preview:large, max-video-preview:-1\" \/>\n<link rel=\"canonical\" href=\"https:\/\/lyttoncommunications.com\/fr\/work\/\" \/>\n<meta property=\"og:locale\" content=\"fr_FR\" \/>\n<meta property=\"og:type\" content=\"article\" \/>\n<meta property=\"og:title\" content=\"Notre travail | Lytton Communications | Toronto\" \/>\n<meta property=\"og:description\" content=\"Il faut une r\u00e9flexion intelligente et des efforts pour atteindre vos objectifs de mani\u00e8re \u00e0 cr\u00e9er un lien avec votre public. Vous ne devriez pas avoir \u00e0 le faire seul. D\u00e9couvrez notre travail.\" \/>\n<meta property=\"og:url\" content=\"https:\/\/lyttoncommunications.com\/fr\/work\/\" \/>\n<meta property=\"og:site_name\" content=\"Lytton Communications\" \/>\n<meta property=\"article:modified_time\" content=\"2024-03-19T14:29:33+00:00\" \/>\n<meta property=\"og:image\" content=\"https:\/\/lyttoncommunications.com\/wp-content\/uploads\/2024\/02\/strategy-messaging.jpg\" \/>\n<meta name=\"twitter:card\" content=\"summary_large_image\" \/>\n<script type=\"application\/ld+json\" class=\"yoast-schema-graph\">{\"@context\":\"https:\/\/schema.org\",\"@graph\":[{\"@type\":\"WebPage\",\"@id\":\"https:\/\/lyttoncommunications.com\/fr\/work\/\",\"url\":\"https:\/\/lyttoncommunications.com\/fr\/work\/\",\"name\":\"Notre travail | Lytton Communications | Toronto\",\"isPartOf\":{\"@id\":\"https:\/\/lyttoncommunications.com\/fr\/#website\"},\"primaryImageOfPage\":{\"@id\":\"https:\/\/lyttoncommunications.com\/fr\/work\/#primaryimage\"},\"image\":{\"@id\":\"https:\/\/lyttoncommunications.com\/fr\/work\/#primaryimage\"},\"thumbnailUrl\":\"https:\/\/lyttoncommunications.com\/wp-content\/uploads\/2024\/02\/strategy-messaging.jpg\",\"datePublished\":\"2024-01-30T00:49:43+00:00\",\"dateModified\":\"2024-03-19T14:29:33+00:00\",\"description\":\"Il faut une r\u00e9flexion intelligente et des efforts pour atteindre vos objectifs de mani\u00e8re \u00e0 cr\u00e9er un lien avec votre public. Vous ne devriez pas avoir \u00e0 le faire seul. D\u00e9couvrez notre travail.\",\"breadcrumb\":{\"@id\":\"https:\/\/lyttoncommunications.com\/fr\/work\/#breadcrumb\"},\"inLanguage\":\"fr-FR\",\"potentialAction\":[{\"@type\":\"ReadAction\",\"target\":[\"https:\/\/lyttoncommunications.com\/fr\/work\/\"]}]},{\"@type\":\"ImageObject\",\"inLanguage\":\"fr-FR\",\"@id\":\"https:\/\/lyttoncommunications.com\/fr\/work\/#primaryimage\",\"url\":\"https:\/\/lyttoncommunications.com\/wp-content\/uploads\/2024\/02\/strategy-messaging.jpg\",\"contentUrl\":\"https:\/\/lyttoncommunications.com\/wp-content\/uploads\/2024\/02\/strategy-messaging.jpg\"},{\"@type\":\"BreadcrumbList\",\"@id\":\"https:\/\/lyttoncommunications.com\/fr\/work\/#breadcrumb\",\"itemListElement\":[{\"@type\":\"ListItem\",\"position\":1,\"name\":\"Home\",\"item\":\"https:\/\/lyttoncommunications.com\/fr\/\"},{\"@type\":\"ListItem\",\"position\":2,\"name\":\"Work\"}]},{\"@type\":\"WebSite\",\"@id\":\"https:\/\/lyttoncommunications.com\/fr\/#website\",\"url\":\"https:\/\/lyttoncommunications.com\/fr\/\",\"name\":\"Lytton Communications\",\"description\":\"Strategic Communications &amp; Marketing Agency Toronto\",\"publisher\":{\"@id\":\"https:\/\/lyttoncommunications.com\/fr\/#organization\"},\"potentialAction\":[{\"@type\":\"SearchAction\",\"target\":{\"@type\":\"EntryPoint\",\"urlTemplate\":\"https:\/\/lyttoncommunications.com\/fr\/?s={search_term_string}\"},\"query-input\":\"required name=search_term_string\"}],\"inLanguage\":\"fr-FR\"},{\"@type\":\"Organization\",\"@id\":\"https:\/\/lyttoncommunications.com\/fr\/#organization\",\"name\":\"Lytton Communications\",\"url\":\"https:\/\/lyttoncommunications.com\/fr\/\",\"logo\":{\"@type\":\"ImageObject\",\"inLanguage\":\"fr-FR\",\"@id\":\"https:\/\/lyttoncommunications.com\/fr\/#\/schema\/logo\/image\/\",\"url\":\"https:\/\/lyttoncommunications.com\/wp-content\/uploads\/2024\/02\/logo_Lytton.svg\",\"contentUrl\":\"https:\/\/lyttoncommunications.com\/wp-content\/uploads\/2024\/02\/logo_Lytton.svg\",\"width\":193,\"height\":52,\"caption\":\"Lytton Communications\"},\"image\":{\"@id\":\"https:\/\/lyttoncommunications.com\/fr\/#\/schema\/logo\/image\/\"}}]}<\/script>\n<!-- \/ Yoast SEO plugin. -->","yoast_head_json":{"title":"Notre travail | Lytton Communications | Toronto","description":"Il faut une r\u00e9flexion intelligente et des efforts pour atteindre vos objectifs de mani\u00e8re \u00e0 cr\u00e9er un lien avec votre public. Vous ne devriez pas avoir \u00e0 le faire seul. D\u00e9couvrez notre travail.","robots":{"index":"index","follow":"follow","max-snippet":"max-snippet:-1","max-image-preview":"max-image-preview:large","max-video-preview":"max-video-preview:-1"},"canonical":"https:\/\/lyttoncommunications.com\/fr\/work\/","og_locale":"fr_FR","og_type":"article","og_title":"Notre travail | Lytton Communications | Toronto","og_description":"Il faut une r\u00e9flexion intelligente et des efforts pour atteindre vos objectifs de mani\u00e8re \u00e0 cr\u00e9er un lien avec votre public. Vous ne devriez pas avoir \u00e0 le faire seul. D\u00e9couvrez notre travail.","og_url":"https:\/\/lyttoncommunications.com\/fr\/work\/","og_site_name":"Lytton Communications","article_modified_time":"2024-03-19T14:29:33+00:00","og_image":[{"url":"https:\/\/lyttoncommunications.com\/wp-content\/uploads\/2024\/02\/strategy-messaging.jpg"}],"twitter_card":"summary_large_image","schema":{"@context":"https:\/\/schema.org","@graph":[{"@type":"WebPage","@id":"https:\/\/lyttoncommunications.com\/fr\/work\/","url":"https:\/\/lyttoncommunications.com\/fr\/work\/","name":"Notre travail | Lytton Communications | Toronto","isPartOf":{"@id":"https:\/\/lyttoncommunications.com\/fr\/#website"},"primaryImageOfPage":{"@id":"https:\/\/lyttoncommunications.com\/fr\/work\/#primaryimage"},"image":{"@id":"https:\/\/lyttoncommunications.com\/fr\/work\/#primaryimage"},"thumbnailUrl":"https:\/\/lyttoncommunications.com\/wp-content\/uploads\/2024\/02\/strategy-messaging.jpg","datePublished":"2024-01-30T00:49:43+00:00","dateModified":"2024-03-19T14:29:33+00:00","description":"Il faut une r\u00e9flexion intelligente et des efforts pour atteindre vos objectifs de mani\u00e8re \u00e0 cr\u00e9er un lien avec votre public. Vous ne devriez pas avoir \u00e0 le faire seul. D\u00e9couvrez notre travail.","breadcrumb":{"@id":"https:\/\/lyttoncommunications.com\/fr\/work\/#breadcrumb"},"inLanguage":"fr-FR","potentialAction":[{"@type":"ReadAction","target":["https:\/\/lyttoncommunications.com\/fr\/work\/"]}]},{"@type":"ImageObject","inLanguage":"fr-FR","@id":"https:\/\/lyttoncommunications.com\/fr\/work\/#primaryimage","url":"https:\/\/lyttoncommunications.com\/wp-content\/uploads\/2024\/02\/strategy-messaging.jpg","contentUrl":"https:\/\/lyttoncommunications.com\/wp-content\/uploads\/2024\/02\/strategy-messaging.jpg"},{"@type":"BreadcrumbList","@id":"https:\/\/lyttoncommunications.com\/fr\/work\/#breadcrumb","itemListElement":[{"@type":"ListItem","position":1,"name":"Home","item":"https:\/\/lyttoncommunications.com\/fr\/"},{"@type":"ListItem","position":2,"name":"Work"}]},{"@type":"WebSite","@id":"https:\/\/lyttoncommunications.com\/fr\/#website","url":"https:\/\/lyttoncommunications.com\/fr\/","name":"Lytton Communications","description":"Strategic Communications &amp; Marketing Agency Toronto","publisher":{"@id":"https:\/\/lyttoncommunications.com\/fr\/#organization"},"potentialAction":[{"@type":"SearchAction","target":{"@type":"EntryPoint","urlTemplate":"https:\/\/lyttoncommunications.com\/fr\/?s={search_term_string}"},"query-input":"required name=search_term_string"}],"inLanguage":"fr-FR"},{"@type":"Organization","@id":"https:\/\/lyttoncommunications.com\/fr\/#organization","name":"Lytton Communications","url":"https:\/\/lyttoncommunications.com\/fr\/","logo":{"@type":"ImageObject","inLanguage":"fr-FR","@id":"https:\/\/lyttoncommunications.com\/fr\/#\/schema\/logo\/image\/","url":"https:\/\/lyttoncommunications.com\/wp-content\/uploads\/2024\/02\/logo_Lytton.svg","contentUrl":"https:\/\/lyttoncommunications.com\/wp-content\/uploads\/2024\/02\/logo_Lytton.svg","width":193,"height":52,"caption":"Lytton Communications"},"image":{"@id":"https:\/\/lyttoncommunications.com\/fr\/#\/schema\/logo\/image\/"}}]}},"_links":{"self":[{"href":"https:\/\/lyttoncommunications.com\/fr\/wp-json\/wp\/v2\/pages\/1488","targetHints":{"allow":["GET"]}}],"collection":[{"href":"https:\/\/lyttoncommunications.com\/fr\/wp-json\/wp\/v2\/pages"}],"about":[{"href":"https:\/\/lyttoncommunications.com\/fr\/wp-json\/wp\/v2\/types\/page"}],"author":[{"embeddable":true,"href":"https:\/\/lyttoncommunications.com\/fr\/wp-json\/wp\/v2\/users\/1"}],"replies":[{"embeddable":true,"href":"https:\/\/lyttoncommunications.com\/fr\/wp-json\/wp\/v2\/comments?post=1488"}],"version-history":[{"count":0,"href":"https:\/\/lyttoncommunications.com\/fr\/wp-json\/wp\/v2\/pages\/1488\/revisions"}],"wp:attachment":[{"href":"https:\/\/lyttoncommunications.com\/fr\/wp-json\/wp\/v2\/media?parent=1488"}],"curies":[{"name":"wp","href":"https:\/\/api.w.org\/{rel}","templated":true}]}}