{"id":1487,"date":"2024-01-29T19:49:59","date_gmt":"2024-01-30T00:49:59","guid":{"rendered":"https:\/\/lyttoncommunications.com\/?page_id=1487"},"modified":"2024-03-19T14:20:15","modified_gmt":"2024-03-19T14:20:15","slug":"contact","status":"publish","type":"page","link":"https:\/\/lyttoncommunications.com\/fr\/contact\/","title":{"rendered":"Contact"},"content":{"rendered":"<style>.kb-row-layout-id1487_71dca7-fe > .kt-row-column-wrap{align-content:start;}:where(.kb-row-layout-id1487_71dca7-fe > .kt-row-column-wrap) > .wp-block-kadence-column{justify-content:start;}.kb-row-layout-id1487_71dca7-fe > .kt-row-column-wrap{column-gap:var(--global-kb-gap-md, 2rem);row-gap:var(--global-kb-gap-md, 2rem);max-width:1460px;padding-top:260px;padding-right:140px;padding-bottom:104px;padding-left:140px;grid-template-columns:minmax(0, calc(40% - ((var(--global-kb-gap-md, 2rem) * 1 )\/2)))minmax(0, calc(60% - ((var(--global-kb-gap-md, 2rem) * 1 )\/2)));}.kb-row-layout-id1487_71dca7-fe{background-color:rgba(211,233,232,0.3);}.kb-row-layout-id1487_71dca7-fe > .kt-row-layout-overlay{opacity:0.30;}@media all and (max-width: 1024px){.kb-row-layout-id1487_71dca7-fe > .kt-row-column-wrap{row-gap:var(--global-kb-gap-none, 0rem );grid-template-columns:minmax(0, 1fr);}}@media all and (max-width: 767px){.kb-row-layout-id1487_71dca7-fe > .kt-row-column-wrap{padding-top:200px;padding-right:70px;padding-bottom:50px;padding-left:70px;grid-template-columns:minmax(0, 1fr);}}<\/style><div class=\"kb-row-layout-wrap kb-row-layout-id1487_71dca7-fe alignfull kt-row-has-bg wp-block-kadence-rowlayout\"><div class=\"kt-row-column-wrap kt-has-2-columns kt-row-layout-right-golden kt-tab-layout-row kt-mobile-layout-row kt-row-valign-top kb-theme-content-width\">\n<style>.kadence-column1487_2c7d4a-74 > .kt-inside-inner-col{padding-bottom:var(--global-kb-spacing-md, 2rem);}.kadence-column1487_2c7d4a-74 > .kt-inside-inner-col,.kadence-column1487_2c7d4a-74 > .kt-inside-inner-col:before{border-top-left-radius:0px;border-top-right-radius:0px;border-bottom-right-radius:0px;border-bottom-left-radius:0px;}.kadence-column1487_2c7d4a-74 > .kt-inside-inner-col{column-gap:var(--global-kb-gap-sm, 1rem);}.kadence-column1487_2c7d4a-74 > .kt-inside-inner-col{flex-direction:column;}.kadence-column1487_2c7d4a-74 > .kt-inside-inner-col > .aligncenter{width:100%;}.kadence-column1487_2c7d4a-74 > .kt-inside-inner-col:before{opacity:0.3;}.kadence-column1487_2c7d4a-74{position:relative;}@media all and (max-width: 1024px){.kadence-column1487_2c7d4a-74 > .kt-inside-inner-col{flex-direction:column;}}@media all and (max-width: 767px){.kadence-column1487_2c7d4a-74 > .kt-inside-inner-col{flex-direction:column;}}<\/style>\n<div class=\"wp-block-kadence-column kadence-column1487_2c7d4a-74\"><div class=\"kt-inside-inner-col\">\n<h1 class=\"wp-block-heading border-spacer has-small-font-size\" style=\"letter-spacing:3.2px;text-transform:uppercase\">Contact<\/h1>\n\n\n\n<p>\u00c0 la recherche de r\u00e9sultats? Contactez-nous.<\/p>\n\n\n\n<p class=\"has-text-color has-link-color wp-elements-7d469bcbc4fdcc315a11bbd4f33bbe9d\" style=\"color:#000000;font-style:normal;font-weight:400\"><strong>Si\u00e8ge social<\/strong> <br>21 St. Clair Avenue East <br>Suite 1400 <br>Toronto ON <br>M4T 1L9 <\/p>\n\n\n\n<p class=\"has-text-color has-link-color wp-elements-1db66cc63d5bd8438f447ddcdd2769b1\" style=\"color:#000000;font-style:normal;font-weight:400\"><a href=\"mailto:info@lyttoncommunications.com\">info@lyttoncommunications.com<\/a> <br>647.794.6695<\/p>\n<\/div><\/div>\n\n\n<style>.kadence-column1487_ac73bd-bc > .kt-inside-inner-col{padding-top:var(--global-kb-spacing-xxs, 0.5rem);padding-left:var(--global-kb-spacing-xl, 4rem);}.kadence-column1487_ac73bd-bc > .kt-inside-inner-col,.kadence-column1487_ac73bd-bc > .kt-inside-inner-col:before{border-top-left-radius:0px;border-top-right-radius:0px;border-bottom-right-radius:0px;border-bottom-left-radius:0px;}.kadence-column1487_ac73bd-bc > .kt-inside-inner-col{column-gap:var(--global-kb-gap-sm, 1rem);}.kadence-column1487_ac73bd-bc > .kt-inside-inner-col{flex-direction:column;}.kadence-column1487_ac73bd-bc > .kt-inside-inner-col > .aligncenter{width:100%;}.kadence-column1487_ac73bd-bc > .kt-inside-inner-col:before{opacity:0.3;}.kadence-column1487_ac73bd-bc{position:relative;}@media all and (max-width: 1024px){.kadence-column1487_ac73bd-bc > .kt-inside-inner-col{padding-top:0px;padding-left:0px;flex-direction:column;}}@media all and (max-width: 767px){.kadence-column1487_ac73bd-bc > .kt-inside-inner-col{flex-direction:column;}}.kadence-column1487_ac73bd-bc input.wpcf7-form-control.wpcf7-submit{float: right;}<\/style>\n<div class=\"wp-block-kadence-column kadence-column1487_ac73bd-bc\"><div class=\"kt-inside-inner-col\">\n<div class=\"wp-block-contact-form-7-contact-form-selector\">\n<div class=\"wpcf7 no-js\" id=\"wpcf7-f1526-o1\" lang=\"en-US\" dir=\"ltr\">\n<div class=\"screen-reader-response\"><p role=\"status\" aria-live=\"polite\" aria-atomic=\"true\"><\/p> <ul><\/ul><\/div>\n<form action=\"\/fr\/wp-json\/wp\/v2\/pages\/1487#wpcf7-f1526-o1\" method=\"post\" class=\"wpcf7-form init\" aria-label=\"Contact form\" novalidate=\"novalidate\" data-status=\"init\">\n<div style=\"display: none;\">\n<input type=\"hidden\" name=\"_wpcf7\" value=\"1526\" \/>\n<input type=\"hidden\" name=\"_wpcf7_version\" value=\"5.9.7\" \/>\n<input type=\"hidden\" name=\"_wpcf7_locale\" value=\"en_US\" \/>\n<input type=\"hidden\" name=\"_wpcf7_unit_tag\" value=\"wpcf7-f1526-o1\" \/>\n<input type=\"hidden\" name=\"_wpcf7_container_post\" value=\"0\" \/>\n<input type=\"hidden\" name=\"_wpcf7_posted_data_hash\" value=\"\" \/>\n<input type=\"hidden\" name=\"_wpcf7_recaptcha_response\" value=\"\" \/>\n<\/div>\n<p><span class=\"wpcf7-form-control-wrap\" data-name=\"your-name\"><input size=\"40\" maxlength=\"400\" class=\"wpcf7-form-control wpcf7-text wpcf7-validates-as-required\" autocomplete=\"name\" aria-required=\"true\" aria-invalid=\"false\" placeholder=\"Nom\" value=\"\" type=\"text\" name=\"your-name\" \/><\/span><br \/>\n<span class=\"wpcf7-form-control-wrap\" data-name=\"company\"><input size=\"40\" maxlength=\"400\" class=\"wpcf7-form-control wpcf7-text\" aria-invalid=\"false\" placeholder=\"Entreprise\" value=\"\" type=\"text\" name=\"company\" \/><\/span><br \/>\n<span class=\"wpcf7-form-control-wrap\" data-name=\"your-email\"><input size=\"40\" maxlength=\"400\" class=\"wpcf7-form-control wpcf7-email wpcf7-validates-as-required wpcf7-text wpcf7-validates-as-email\" autocomplete=\"email\" aria-required=\"true\" aria-invalid=\"false\" placeholder=\"Courriel\" value=\"\" type=\"email\" name=\"your-email\" \/><\/span><br \/>\n<span class=\"wpcf7-form-control-wrap\" data-name=\"your-message\"><textarea cols=\"40\" rows=\"10\" maxlength=\"2000\" class=\"wpcf7-form-control wpcf7-textarea\" aria-invalid=\"false\" placeholder=\"Message\" name=\"your-message\"><\/textarea><\/span><br \/>\n<input class=\"wpcf7-form-control wpcf7-submit has-spinner\" type=\"submit\" value=\"Envoyer\" \/>\n<\/p><div class=\"wpcf7-response-output\" aria-hidden=\"true\"><\/div>\n<\/form>\n<\/div>\n<\/div>\n<\/div><\/div>\n\n<\/div><\/div>","protected":false},"excerpt":{"rendered":"<p>Contact \u00c0 la recherche de r\u00e9sultats? Contactez-nous. Si\u00e8ge social 21 St. Clair Avenue East Suite 1400 Toronto ON M4T 1L9 info@lyttoncommunications.com 647.794.6695<\/p>\n","protected":false},"author":1,"featured_media":0,"parent":0,"menu_order":0,"comment_status":"closed","ping_status":"closed","template":"","meta":{"_acf_changed":false,"inline_featured_image":false,"footnotes":""},"class_list":["post-1487","page","type-page","status-publish","hentry"],"acf":[],"yoast_head":"<!-- This site is optimized with the Yoast SEO plugin v23.0 - https:\/\/yoast.com\/wordpress\/plugins\/seo\/ -->\n<title>Contactez-nous | Lytton Communications | Toronto<\/title>\n<meta name=\"description\" content=\"\u00c0 la recherche de r\u00e9sultats? Connectons-nous.\" \/>\n<meta name=\"robots\" content=\"index, follow, max-snippet:-1, max-image-preview:large, max-video-preview:-1\" \/>\n<link rel=\"canonical\" href=\"https:\/\/lyttoncommunications.com\/fr\/contact\/\" \/>\n<meta property=\"og:locale\" content=\"fr_FR\" \/>\n<meta property=\"og:type\" content=\"article\" \/>\n<meta property=\"og:title\" content=\"Contactez-nous | Lytton Communications | Toronto\" \/>\n<meta property=\"og:description\" content=\"\u00c0 la recherche de r\u00e9sultats? Connectons-nous.\" \/>\n<meta property=\"og:url\" content=\"https:\/\/lyttoncommunications.com\/fr\/contact\/\" \/>\n<meta property=\"og:site_name\" content=\"Lytton Communications\" \/>\n<meta property=\"article:modified_time\" content=\"2024-03-19T14:20:15+00:00\" \/>\n<meta name=\"twitter:card\" content=\"summary_large_image\" \/>\n<script type=\"application\/ld+json\" class=\"yoast-schema-graph\">{\"@context\":\"https:\/\/schema.org\",\"@graph\":[{\"@type\":\"WebPage\",\"@id\":\"https:\/\/lyttoncommunications.com\/fr\/contact\/\",\"url\":\"https:\/\/lyttoncommunications.com\/fr\/contact\/\",\"name\":\"Contactez-nous | Lytton Communications | Toronto\",\"isPartOf\":{\"@id\":\"https:\/\/lyttoncommunications.com\/fr\/#website\"},\"datePublished\":\"2024-01-30T00:49:59+00:00\",\"dateModified\":\"2024-03-19T14:20:15+00:00\",\"description\":\"\u00c0 la recherche de r\u00e9sultats? Connectons-nous.\",\"breadcrumb\":{\"@id\":\"https:\/\/lyttoncommunications.com\/fr\/contact\/#breadcrumb\"},\"inLanguage\":\"fr-FR\",\"potentialAction\":[{\"@type\":\"ReadAction\",\"target\":[\"https:\/\/lyttoncommunications.com\/fr\/contact\/\"]}]},{\"@type\":\"BreadcrumbList\",\"@id\":\"https:\/\/lyttoncommunications.com\/fr\/contact\/#breadcrumb\",\"itemListElement\":[{\"@type\":\"ListItem\",\"position\":1,\"name\":\"Home\",\"item\":\"https:\/\/lyttoncommunications.com\/fr\/\"},{\"@type\":\"ListItem\",\"position\":2,\"name\":\"Contact\"}]},{\"@type\":\"WebSite\",\"@id\":\"https:\/\/lyttoncommunications.com\/fr\/#website\",\"url\":\"https:\/\/lyttoncommunications.com\/fr\/\",\"name\":\"Lytton Communications\",\"description\":\"Strategic Communications &amp; Marketing Agency Toronto\",\"publisher\":{\"@id\":\"https:\/\/lyttoncommunications.com\/fr\/#organization\"},\"potentialAction\":[{\"@type\":\"SearchAction\",\"target\":{\"@type\":\"EntryPoint\",\"urlTemplate\":\"https:\/\/lyttoncommunications.com\/fr\/?s={search_term_string}\"},\"query-input\":\"required name=search_term_string\"}],\"inLanguage\":\"fr-FR\"},{\"@type\":\"Organization\",\"@id\":\"https:\/\/lyttoncommunications.com\/fr\/#organization\",\"name\":\"Lytton Communications\",\"url\":\"https:\/\/lyttoncommunications.com\/fr\/\",\"logo\":{\"@type\":\"ImageObject\",\"inLanguage\":\"fr-FR\",\"@id\":\"https:\/\/lyttoncommunications.com\/fr\/#\/schema\/logo\/image\/\",\"url\":\"https:\/\/lyttoncommunications.com\/wp-content\/uploads\/2024\/02\/logo_Lytton.svg\",\"contentUrl\":\"https:\/\/lyttoncommunications.com\/wp-content\/uploads\/2024\/02\/logo_Lytton.svg\",\"width\":193,\"height\":52,\"caption\":\"Lytton Communications\"},\"image\":{\"@id\":\"https:\/\/lyttoncommunications.com\/fr\/#\/schema\/logo\/image\/\"}}]}<\/script>\n<!-- \/ Yoast SEO plugin. -->","yoast_head_json":{"title":"Contactez-nous | Lytton Communications | Toronto","description":"\u00c0 la recherche de r\u00e9sultats? Connectons-nous.","robots":{"index":"index","follow":"follow","max-snippet":"max-snippet:-1","max-image-preview":"max-image-preview:large","max-video-preview":"max-video-preview:-1"},"canonical":"https:\/\/lyttoncommunications.com\/fr\/contact\/","og_locale":"fr_FR","og_type":"article","og_title":"Contactez-nous | Lytton Communications | Toronto","og_description":"\u00c0 la recherche de r\u00e9sultats? Connectons-nous.","og_url":"https:\/\/lyttoncommunications.com\/fr\/contact\/","og_site_name":"Lytton Communications","article_modified_time":"2024-03-19T14:20:15+00:00","twitter_card":"summary_large_image","schema":{"@context":"https:\/\/schema.org","@graph":[{"@type":"WebPage","@id":"https:\/\/lyttoncommunications.com\/fr\/contact\/","url":"https:\/\/lyttoncommunications.com\/fr\/contact\/","name":"Contactez-nous | Lytton Communications | Toronto","isPartOf":{"@id":"https:\/\/lyttoncommunications.com\/fr\/#website"},"datePublished":"2024-01-30T00:49:59+00:00","dateModified":"2024-03-19T14:20:15+00:00","description":"\u00c0 la recherche de r\u00e9sultats? Connectons-nous.","breadcrumb":{"@id":"https:\/\/lyttoncommunications.com\/fr\/contact\/#breadcrumb"},"inLanguage":"fr-FR","potentialAction":[{"@type":"ReadAction","target":["https:\/\/lyttoncommunications.com\/fr\/contact\/"]}]},{"@type":"BreadcrumbList","@id":"https:\/\/lyttoncommunications.com\/fr\/contact\/#breadcrumb","itemListElement":[{"@type":"ListItem","position":1,"name":"Home","item":"https:\/\/lyttoncommunications.com\/fr\/"},{"@type":"ListItem","position":2,"name":"Contact"}]},{"@type":"WebSite","@id":"https:\/\/lyttoncommunications.com\/fr\/#website","url":"https:\/\/lyttoncommunications.com\/fr\/","name":"Lytton Communications","description":"Strategic Communications &amp; Marketing Agency Toronto","publisher":{"@id":"https:\/\/lyttoncommunications.com\/fr\/#organization"},"potentialAction":[{"@type":"SearchAction","target":{"@type":"EntryPoint","urlTemplate":"https:\/\/lyttoncommunications.com\/fr\/?s={search_term_string}"},"query-input":"required name=search_term_string"}],"inLanguage":"fr-FR"},{"@type":"Organization","@id":"https:\/\/lyttoncommunications.com\/fr\/#organization","name":"Lytton Communications","url":"https:\/\/lyttoncommunications.com\/fr\/","logo":{"@type":"ImageObject","inLanguage":"fr-FR","@id":"https:\/\/lyttoncommunications.com\/fr\/#\/schema\/logo\/image\/","url":"https:\/\/lyttoncommunications.com\/wp-content\/uploads\/2024\/02\/logo_Lytton.svg","contentUrl":"https:\/\/lyttoncommunications.com\/wp-content\/uploads\/2024\/02\/logo_Lytton.svg","width":193,"height":52,"caption":"Lytton Communications"},"image":{"@id":"https:\/\/lyttoncommunications.com\/fr\/#\/schema\/logo\/image\/"}}]}},"_links":{"self":[{"href":"https:\/\/lyttoncommunications.com\/fr\/wp-json\/wp\/v2\/pages\/1487","targetHints":{"allow":["GET"]}}],"collection":[{"href":"https:\/\/lyttoncommunications.com\/fr\/wp-json\/wp\/v2\/pages"}],"about":[{"href":"https:\/\/lyttoncommunications.com\/fr\/wp-json\/wp\/v2\/types\/page"}],"author":[{"embeddable":true,"href":"https:\/\/lyttoncommunications.com\/fr\/wp-json\/wp\/v2\/users\/1"}],"replies":[{"embeddable":true,"href":"https:\/\/lyttoncommunications.com\/fr\/wp-json\/wp\/v2\/comments?post=1487"}],"version-history":[{"count":0,"href":"https:\/\/lyttoncommunications.com\/fr\/wp-json\/wp\/v2\/pages\/1487\/revisions"}],"wp:attachment":[{"href":"https:\/\/lyttoncommunications.com\/fr\/wp-json\/wp\/v2\/media?parent=1487"}],"curies":[{"name":"wp","href":"https:\/\/api.w.org\/{rel}","templated":true}]}}