{"id":1484,"date":"2024-02-06T07:21:41","date_gmt":"2024-02-06T12:21:41","guid":{"rendered":"https:\/\/lyttoncommunications.com\/?page_id=1484"},"modified":"2024-03-20T17:04:58","modified_gmt":"2024-03-20T17:04:58","slug":"meghan-lauber","status":"publish","type":"page","link":"https:\/\/lyttoncommunications.com\/fr\/team\/meghan-lauber\/","title":{"rendered":"Meghan Lauber"},"content":{"rendered":"<style>.kb-row-layout-id1484_889948-ef > .kt-row-column-wrap{align-content:start;}:where(.kb-row-layout-id1484_889948-ef > .kt-row-column-wrap) > .wp-block-kadence-column{justify-content:start;}.kb-row-layout-id1484_889948-ef > .kt-row-column-wrap{column-gap:var(--global-kb-gap-md, 2rem);row-gap:var(--global-kb-gap-md, 2rem);max-width:1460px;padding-top:260px;padding-bottom:0px;grid-template-columns:minmax(0, 1fr);}.kb-row-layout-id1484_889948-ef > .kt-row-layout-overlay{opacity:0.30;}@media all and (max-width: 1024px){.kb-row-layout-id1484_889948-ef > .kt-row-column-wrap{padding-top:113px;grid-template-columns:minmax(0, 1fr);}}@media all and (max-width: 767px){.kb-row-layout-id1484_889948-ef > .kt-row-column-wrap{grid-template-columns:minmax(0, 1fr);}.kb-row-layout-wrap.wp-block-kadence-rowlayout.kb-row-layout-id1484_889948-ef{background:rgba(211,233,232,0.3);}}<\/style><div class=\"kb-row-layout-wrap kb-row-layout-id1484_889948-ef alignfull wp-block-kadence-rowlayout\"><div class=\"kt-row-column-wrap kt-has-1-columns kt-row-layout-equal kt-tab-layout-inherit kt-mobile-layout-row kt-row-valign-top kb-theme-content-width\">\n<style>.kadence-column1484_276708-0c > .kt-inside-inner-col,.kadence-column1484_276708-0c > .kt-inside-inner-col:before{border-top-left-radius:0px;border-top-right-radius:0px;border-bottom-right-radius:0px;border-bottom-left-radius:0px;}.kadence-column1484_276708-0c > .kt-inside-inner-col{column-gap:var(--global-kb-gap-sm, 1rem);}.kadence-column1484_276708-0c > .kt-inside-inner-col{flex-direction:column;}.kadence-column1484_276708-0c > .kt-inside-inner-col > .aligncenter{width:100%;}.kadence-column1484_276708-0c > .kt-inside-inner-col:before{opacity:0.3;}.kadence-column1484_276708-0c{position:relative;}@media all and (max-width: 1024px){.kadence-column1484_276708-0c > .kt-inside-inner-col{flex-direction:column;}}@media all and (max-width: 767px){.kadence-column1484_276708-0c > .kt-inside-inner-col{flex-direction:column;}}<\/style>\n<div class=\"wp-block-kadence-column kadence-column1484_276708-0c\"><div class=\"kt-inside-inner-col\"><\/div><\/div>\n\n<\/div><\/div>\n\n<style>.kb-row-layout-id1484_2e19b8-df > .kt-row-column-wrap{align-content:start;}:where(.kb-row-layout-id1484_2e19b8-df > .kt-row-column-wrap) > .wp-block-kadence-column{justify-content:start;}.kb-row-layout-id1484_2e19b8-df > .kt-row-column-wrap{column-gap:var(--global-kb-gap-md, 2rem);row-gap:var(--global-kb-gap-md, 2rem);max-width:1600px;margin-left:auto;margin-right:auto;padding-top:var(--global-kb-spacing-xxl, 5rem);padding-bottom:var(--global-kb-spacing-xxl, 5rem);grid-template-columns:minmax(0, 1fr);}.kb-row-layout-id1484_2e19b8-df{background-image:linear-gradient(90deg,rgb(255,255,255) 0%,rgb(255,255,255) 27%,rgba(211,233,232,0.3) 27%,rgba(211,233,232,0.3) 100%);}.kb-row-layout-id1484_2e19b8-df > .kt-row-layout-overlay{opacity:0.30;}@media all and (max-width: 1024px){.kb-row-layout-id1484_2e19b8-df > .kt-row-column-wrap{padding-right:0px;padding-left:0px;grid-template-columns:minmax(0, 1fr);}}@media all and (max-width: 767px){.kb-row-layout-id1484_2e19b8-df > .kt-row-column-wrap{padding-top:0px;padding-bottom:0px;grid-template-columns:minmax(0, 1fr);}.kb-row-layout-wrap.wp-block-kadence-rowlayout.kb-row-layout-id1484_2e19b8-df{background:#ffffff;}.kb-row-layout-id1484_2e19b8-df .kb-blocks-bg-video-container,.kb-row-layout-id1484_2e19b8-df .kb-blocks-bg-slider{display:none;}}<\/style><div class=\"kb-row-layout-wrap kb-row-layout-id1484_2e19b8-df alignfull kt-row-has-bg animated fadeInRight wp-block-kadence-rowlayout\"><div class=\"kt-row-column-wrap kt-has-1-columns kt-row-layout-equal kt-tab-layout-inherit kt-mobile-layout-row kt-row-valign-top\">\n<style>.kadence-column1484_5738bc-8b > .kt-inside-inner-col,.kadence-column1484_5738bc-8b > .kt-inside-inner-col:before{border-top-left-radius:0px;border-top-right-radius:0px;border-bottom-right-radius:0px;border-bottom-left-radius:0px;}.kadence-column1484_5738bc-8b > .kt-inside-inner-col{column-gap:var(--global-kb-gap-sm, 1rem);}.kadence-column1484_5738bc-8b > .kt-inside-inner-col{flex-direction:column;}.kadence-column1484_5738bc-8b > .kt-inside-inner-col > .aligncenter{width:100%;}.kadence-column1484_5738bc-8b > .kt-inside-inner-col:before{opacity:0.3;}.kadence-column1484_5738bc-8b{position:relative;}@media all and (max-width: 1024px){.kadence-column1484_5738bc-8b > .kt-inside-inner-col{flex-direction:column;}}@media all and (max-width: 767px){.kadence-column1484_5738bc-8b > .kt-inside-inner-col{flex-direction:column;}}<\/style>\n<div class=\"wp-block-kadence-column kadence-column1484_5738bc-8b animated fadeInUp delay-100ms\"><div class=\"kt-inside-inner-col\">\n<div class=\"wp-block-media-text alignfull is-stacked-on-mobile\"><figure class=\"wp-block-media-text__media\"><img loading=\"lazy\" decoding=\"async\" width=\"790\" height=\"988\" src=\"https:\/\/lyttoncommunications.com\/wp-content\/uploads\/2024\/02\/Meghan_Lauber_HR_BW-full.jpg\" alt=\"\" class=\"wp-image-389 size-full\" srcset=\"https:\/\/lyttoncommunications.com\/wp-content\/uploads\/2024\/02\/Meghan_Lauber_HR_BW-full.jpg 790w, https:\/\/lyttoncommunications.com\/wp-content\/uploads\/2024\/02\/Meghan_Lauber_HR_BW-full-240x300.jpg 240w, https:\/\/lyttoncommunications.com\/wp-content\/uploads\/2024\/02\/Meghan_Lauber_HR_BW-full-768x960.jpg 768w\" sizes=\"auto, (max-width: 790px) 100vw, 790px\" \/><\/figure><div class=\"wp-block-media-text__content\">\n<p class=\"back-btn\"><a href=\"https:\/\/lyttoncommunications.com\/fr\/team\/\" data-type=\"page\" data-id=\"38\">Back to Team<\/a><\/p>\n\n\n\n<h1 class=\"wp-block-heading has-strong-blue-color has-text-color has-link-color wp-elements-c5c2f4f97115217a0e72ca4dd80c49f6\" style=\"font-size:40px;font-style:normal;font-weight:400;letter-spacing:-2.4px\">Meghan Lauber<\/h1>\n\n\n\n<h2 class=\"wp-block-heading has-text-color has-link-color wp-elements-9e6f3619a34707acc36923cd9e4fccd2\" style=\"color:#15748c;font-size:40px;font-style:normal;font-weight:400;letter-spacing:-2.4px\">Associ\u00e9e directrice<\/h2>\n\n\n\n<p>Fine strat\u00e8ge en mati\u00e8re de communications, Meghan Lauber est r\u00e9put\u00e9e pour sa capacit\u00e9 \u00e0 faire bouger les choses. Disposant d\u2019un vaste r\u00e9seau et d\u2019un sens politique aiguis\u00e9, elle cumule plus de 20 ans d\u2019exp\u00e9rience dans les secteurs public, technologique et \u00e0 but non lucratif. Son esprit logique et strat\u00e9gique lui permet de prendre une id\u00e9e complexe et de la transformer en un r\u00e9cit accrocheur. Orient\u00e9e vers les r\u00e9sultats, Meghan \u00e9labore des plans de marketing et de communication qui permettent \u00e0 ses clients de d\u00e9velopper leurs activit\u00e9s et d\u2019atteindre le bon public. Elle a occup\u00e9 divers postes de haut niveau dans le domaine des communications, des m\u00e9dias et de la planification strat\u00e9gique au sein des secteurs public, priv\u00e9 et \u00e0 but non lucratif, y compris au cabinet du premier ministre de l\u2019Ontario et au Centre d\u2019innovation de l\u2019Ontario. Elle a d\u2019ailleurs men\u00e9 avec succ\u00e8s des campagnes de sensibilisation et de d\u00e9fense des int\u00e9r\u00eats du public pour des clients tels que l\u2019Association canadienne des individus retrait\u00e9s, la F\u00e9d\u00e9ration canadienne des retrait\u00e9s, Mentor Canada et Findhelp | 211. Fervente de sport f\u00e9minin, Meghan dirige un programme qui accueille des familles de nouveaux arrivants dans les \u00e9coles de sa communaut\u00e9.<\/p>\n\n\n\n<div style=\"height:47px\" aria-hidden=\"true\" class=\"wp-block-spacer\"><\/div>\n\n\n\n<ul class=\"wp-block-social-links has-icon-color is-style-logos-only is-layout-flex wp-block-social-links-is-layout-flex\"><li style=\"color:#15748c;\" class=\"wp-social-link wp-social-link-linkedin  wp-block-social-link\"><a rel=\"noopener nofollow\" target=\"_blank\" href=\"https:\/\/www.linkedin.com\/in\/meghan-lauber-ba4556138\/?originalSubdomain=ca\" class=\"wp-block-social-link-anchor\"><svg width=\"24\" height=\"24\" viewBox=\"0 0 24 24\" version=\"1.1\" xmlns=\"http:\/\/www.w3.org\/2000\/svg\" aria-hidden=\"true\" focusable=\"false\"><path d=\"M19.7,3H4.3C3.582,3,3,3.582,3,4.3v15.4C3,20.418,3.582,21,4.3,21h15.4c0.718,0,1.3-0.582,1.3-1.3V4.3 C21,3.582,20.418,3,19.7,3z M8.339,18.338H5.667v-8.59h2.672V18.338z M7.004,8.574c-0.857,0-1.549-0.694-1.549-1.548 c0-0.855,0.691-1.548,1.549-1.548c0.854,0,1.547,0.694,1.547,1.548C8.551,7.881,7.858,8.574,7.004,8.574z M18.339,18.338h-2.669 v-4.177c0-0.996-0.017-2.278-1.387-2.278c-1.389,0-1.601,1.086-1.601,2.206v4.249h-2.667v-8.59h2.559v1.174h0.037 c0.356-0.675,1.227-1.387,2.526-1.387c2.703,0,3.203,1.779,3.203,4.092V18.338z\"><\/path><\/svg><span class=\"wp-block-social-link-label screen-reader-text\">LinkedIn<\/span><\/a><\/li><\/ul>\n<\/div><\/div>\n<\/div><\/div>\n\n<\/div><\/div>","protected":false},"excerpt":{"rendered":"<p>Back to Team Meghan Lauber Associ\u00e9e directrice Fine strat\u00e8ge en mati\u00e8re de communications, Meghan Lauber est r\u00e9put\u00e9e pour sa capacit\u00e9 \u00e0 faire bouger les choses. Disposant d\u2019un vaste r\u00e9seau et d\u2019un sens politique aiguis\u00e9, elle cumule plus de 20 ans d\u2019exp\u00e9rience dans les secteurs public, technologique et \u00e0 but non lucratif. Son esprit logique et [&hellip;]<\/p>\n","protected":false},"author":1,"featured_media":0,"parent":1483,"menu_order":0,"comment_status":"closed","ping_status":"closed","template":"","meta":{"_acf_changed":false,"inline_featured_image":false,"footnotes":""},"class_list":["post-1484","page","type-page","status-publish","hentry"],"acf":[],"yoast_head":"<!-- This site is optimized with the Yoast SEO plugin v23.0 - https:\/\/yoast.com\/wordpress\/plugins\/seo\/ -->\n<title>Meghan Lauber - Lytton Communications<\/title>\n<meta name=\"robots\" content=\"index, follow, max-snippet:-1, max-image-preview:large, max-video-preview:-1\" \/>\n<link rel=\"canonical\" href=\"https:\/\/lyttoncommunications.com\/fr\/team\/meghan-lauber\/\" \/>\n<meta property=\"og:locale\" content=\"fr_FR\" \/>\n<meta property=\"og:type\" content=\"article\" \/>\n<meta property=\"og:title\" content=\"Meghan Lauber - Lytton Communications\" \/>\n<meta property=\"og:description\" content=\"Back to Team Meghan Lauber Associ\u00e9e directrice Fine strat\u00e8ge en mati\u00e8re de communications, Meghan Lauber est r\u00e9put\u00e9e pour sa capacit\u00e9 \u00e0 faire bouger les choses. Disposant d\u2019un vaste r\u00e9seau et d\u2019un sens politique aiguis\u00e9, elle cumule plus de 20 ans d\u2019exp\u00e9rience dans les secteurs public, technologique et \u00e0 but non lucratif. Son esprit logique et [&hellip;]\" \/>\n<meta property=\"og:url\" content=\"https:\/\/lyttoncommunications.com\/fr\/team\/meghan-lauber\/\" \/>\n<meta property=\"og:site_name\" content=\"Lytton Communications\" \/>\n<meta property=\"article:modified_time\" content=\"2024-03-20T17:04:58+00:00\" \/>\n<meta property=\"og:image\" content=\"https:\/\/lyttoncommunications.com\/wp-content\/uploads\/2024\/02\/Meghan_Lauber_HR_BW-full.jpg\" \/>\n<meta name=\"twitter:card\" content=\"summary_large_image\" \/>\n<meta name=\"twitter:label1\" content=\"Est. reading time\" \/>\n\t<meta name=\"twitter:data1\" content=\"1 minute\" \/>\n<script type=\"application\/ld+json\" class=\"yoast-schema-graph\">{\"@context\":\"https:\/\/schema.org\",\"@graph\":[{\"@type\":\"WebPage\",\"@id\":\"https:\/\/lyttoncommunications.com\/fr\/team\/meghan-lauber\/\",\"url\":\"https:\/\/lyttoncommunications.com\/fr\/team\/meghan-lauber\/\",\"name\":\"Meghan Lauber - Lytton Communications\",\"isPartOf\":{\"@id\":\"https:\/\/lyttoncommunications.com\/fr\/#website\"},\"primaryImageOfPage\":{\"@id\":\"https:\/\/lyttoncommunications.com\/fr\/team\/meghan-lauber\/#primaryimage\"},\"image\":{\"@id\":\"https:\/\/lyttoncommunications.com\/fr\/team\/meghan-lauber\/#primaryimage\"},\"thumbnailUrl\":\"https:\/\/lyttoncommunications.com\/wp-content\/uploads\/2024\/02\/Meghan_Lauber_HR_BW-full.jpg\",\"datePublished\":\"2024-02-06T12:21:41+00:00\",\"dateModified\":\"2024-03-20T17:04:58+00:00\",\"breadcrumb\":{\"@id\":\"https:\/\/lyttoncommunications.com\/fr\/team\/meghan-lauber\/#breadcrumb\"},\"inLanguage\":\"fr-FR\",\"potentialAction\":[{\"@type\":\"ReadAction\",\"target\":[\"https:\/\/lyttoncommunications.com\/fr\/team\/meghan-lauber\/\"]}]},{\"@type\":\"ImageObject\",\"inLanguage\":\"fr-FR\",\"@id\":\"https:\/\/lyttoncommunications.com\/fr\/team\/meghan-lauber\/#primaryimage\",\"url\":\"https:\/\/lyttoncommunications.com\/wp-content\/uploads\/2024\/02\/Meghan_Lauber_HR_BW-full.jpg\",\"contentUrl\":\"https:\/\/lyttoncommunications.com\/wp-content\/uploads\/2024\/02\/Meghan_Lauber_HR_BW-full.jpg\"},{\"@type\":\"BreadcrumbList\",\"@id\":\"https:\/\/lyttoncommunications.com\/fr\/team\/meghan-lauber\/#breadcrumb\",\"itemListElement\":[{\"@type\":\"ListItem\",\"position\":1,\"name\":\"Home\",\"item\":\"https:\/\/lyttoncommunications.com\/fr\/\"},{\"@type\":\"ListItem\",\"position\":2,\"name\":\"Team\",\"item\":\"https:\/\/lyttoncommunications.com\/fr\/team\/\"},{\"@type\":\"ListItem\",\"position\":3,\"name\":\"Meghan Lauber\"}]},{\"@type\":\"WebSite\",\"@id\":\"https:\/\/lyttoncommunications.com\/fr\/#website\",\"url\":\"https:\/\/lyttoncommunications.com\/fr\/\",\"name\":\"Lytton Communications\",\"description\":\"Strategic Communications &amp; Marketing Agency Toronto\",\"publisher\":{\"@id\":\"https:\/\/lyttoncommunications.com\/fr\/#organization\"},\"potentialAction\":[{\"@type\":\"SearchAction\",\"target\":{\"@type\":\"EntryPoint\",\"urlTemplate\":\"https:\/\/lyttoncommunications.com\/fr\/?s={search_term_string}\"},\"query-input\":\"required name=search_term_string\"}],\"inLanguage\":\"fr-FR\"},{\"@type\":\"Organization\",\"@id\":\"https:\/\/lyttoncommunications.com\/fr\/#organization\",\"name\":\"Lytton Communications\",\"url\":\"https:\/\/lyttoncommunications.com\/fr\/\",\"logo\":{\"@type\":\"ImageObject\",\"inLanguage\":\"fr-FR\",\"@id\":\"https:\/\/lyttoncommunications.com\/fr\/#\/schema\/logo\/image\/\",\"url\":\"https:\/\/lyttoncommunications.com\/wp-content\/uploads\/2024\/02\/logo_Lytton.svg\",\"contentUrl\":\"https:\/\/lyttoncommunications.com\/wp-content\/uploads\/2024\/02\/logo_Lytton.svg\",\"width\":193,\"height\":52,\"caption\":\"Lytton Communications\"},\"image\":{\"@id\":\"https:\/\/lyttoncommunications.com\/fr\/#\/schema\/logo\/image\/\"}}]}<\/script>\n<!-- \/ Yoast SEO plugin. -->","yoast_head_json":{"title":"Meghan Lauber - Lytton Communications","robots":{"index":"index","follow":"follow","max-snippet":"max-snippet:-1","max-image-preview":"max-image-preview:large","max-video-preview":"max-video-preview:-1"},"canonical":"https:\/\/lyttoncommunications.com\/fr\/team\/meghan-lauber\/","og_locale":"fr_FR","og_type":"article","og_title":"Meghan Lauber - Lytton Communications","og_description":"Back to Team Meghan Lauber Associ\u00e9e directrice Fine strat\u00e8ge en mati\u00e8re de communications, Meghan Lauber est r\u00e9put\u00e9e pour sa capacit\u00e9 \u00e0 faire bouger les choses. Disposant d\u2019un vaste r\u00e9seau et d\u2019un sens politique aiguis\u00e9, elle cumule plus de 20 ans d\u2019exp\u00e9rience dans les secteurs public, technologique et \u00e0 but non lucratif. Son esprit logique et [&hellip;]","og_url":"https:\/\/lyttoncommunications.com\/fr\/team\/meghan-lauber\/","og_site_name":"Lytton Communications","article_modified_time":"2024-03-20T17:04:58+00:00","og_image":[{"url":"https:\/\/lyttoncommunications.com\/wp-content\/uploads\/2024\/02\/Meghan_Lauber_HR_BW-full.jpg"}],"twitter_card":"summary_large_image","twitter_misc":{"Est. reading time":"1 minute"},"schema":{"@context":"https:\/\/schema.org","@graph":[{"@type":"WebPage","@id":"https:\/\/lyttoncommunications.com\/fr\/team\/meghan-lauber\/","url":"https:\/\/lyttoncommunications.com\/fr\/team\/meghan-lauber\/","name":"Meghan Lauber - Lytton Communications","isPartOf":{"@id":"https:\/\/lyttoncommunications.com\/fr\/#website"},"primaryImageOfPage":{"@id":"https:\/\/lyttoncommunications.com\/fr\/team\/meghan-lauber\/#primaryimage"},"image":{"@id":"https:\/\/lyttoncommunications.com\/fr\/team\/meghan-lauber\/#primaryimage"},"thumbnailUrl":"https:\/\/lyttoncommunications.com\/wp-content\/uploads\/2024\/02\/Meghan_Lauber_HR_BW-full.jpg","datePublished":"2024-02-06T12:21:41+00:00","dateModified":"2024-03-20T17:04:58+00:00","breadcrumb":{"@id":"https:\/\/lyttoncommunications.com\/fr\/team\/meghan-lauber\/#breadcrumb"},"inLanguage":"fr-FR","potentialAction":[{"@type":"ReadAction","target":["https:\/\/lyttoncommunications.com\/fr\/team\/meghan-lauber\/"]}]},{"@type":"ImageObject","inLanguage":"fr-FR","@id":"https:\/\/lyttoncommunications.com\/fr\/team\/meghan-lauber\/#primaryimage","url":"https:\/\/lyttoncommunications.com\/wp-content\/uploads\/2024\/02\/Meghan_Lauber_HR_BW-full.jpg","contentUrl":"https:\/\/lyttoncommunications.com\/wp-content\/uploads\/2024\/02\/Meghan_Lauber_HR_BW-full.jpg"},{"@type":"BreadcrumbList","@id":"https:\/\/lyttoncommunications.com\/fr\/team\/meghan-lauber\/#breadcrumb","itemListElement":[{"@type":"ListItem","position":1,"name":"Home","item":"https:\/\/lyttoncommunications.com\/fr\/"},{"@type":"ListItem","position":2,"name":"Team","item":"https:\/\/lyttoncommunications.com\/fr\/team\/"},{"@type":"ListItem","position":3,"name":"Meghan Lauber"}]},{"@type":"WebSite","@id":"https:\/\/lyttoncommunications.com\/fr\/#website","url":"https:\/\/lyttoncommunications.com\/fr\/","name":"Lytton Communications","description":"Strategic Communications &amp; Marketing Agency Toronto","publisher":{"@id":"https:\/\/lyttoncommunications.com\/fr\/#organization"},"potentialAction":[{"@type":"SearchAction","target":{"@type":"EntryPoint","urlTemplate":"https:\/\/lyttoncommunications.com\/fr\/?s={search_term_string}"},"query-input":"required name=search_term_string"}],"inLanguage":"fr-FR"},{"@type":"Organization","@id":"https:\/\/lyttoncommunications.com\/fr\/#organization","name":"Lytton Communications","url":"https:\/\/lyttoncommunications.com\/fr\/","logo":{"@type":"ImageObject","inLanguage":"fr-FR","@id":"https:\/\/lyttoncommunications.com\/fr\/#\/schema\/logo\/image\/","url":"https:\/\/lyttoncommunications.com\/wp-content\/uploads\/2024\/02\/logo_Lytton.svg","contentUrl":"https:\/\/lyttoncommunications.com\/wp-content\/uploads\/2024\/02\/logo_Lytton.svg","width":193,"height":52,"caption":"Lytton Communications"},"image":{"@id":"https:\/\/lyttoncommunications.com\/fr\/#\/schema\/logo\/image\/"}}]}},"_links":{"self":[{"href":"https:\/\/lyttoncommunications.com\/fr\/wp-json\/wp\/v2\/pages\/1484","targetHints":{"allow":["GET"]}}],"collection":[{"href":"https:\/\/lyttoncommunications.com\/fr\/wp-json\/wp\/v2\/pages"}],"about":[{"href":"https:\/\/lyttoncommunications.com\/fr\/wp-json\/wp\/v2\/types\/page"}],"author":[{"embeddable":true,"href":"https:\/\/lyttoncommunications.com\/fr\/wp-json\/wp\/v2\/users\/1"}],"replies":[{"embeddable":true,"href":"https:\/\/lyttoncommunications.com\/fr\/wp-json\/wp\/v2\/comments?post=1484"}],"version-history":[{"count":0,"href":"https:\/\/lyttoncommunications.com\/fr\/wp-json\/wp\/v2\/pages\/1484\/revisions"}],"up":[{"embeddable":true,"href":"https:\/\/lyttoncommunications.com\/fr\/wp-json\/wp\/v2\/pages\/1483"}],"wp:attachment":[{"href":"https:\/\/lyttoncommunications.com\/fr\/wp-json\/wp\/v2\/media?parent=1484"}],"curies":[{"name":"wp","href":"https:\/\/api.w.org\/{rel}","templated":true}]}}